{"id":4693,"date":"2019-12-16T12:53:18","date_gmt":"2019-12-16T11:53:18","guid":{"rendered":"https:\/\/dr-schaefer-partner.sfw-media.de\/?page_id=4693"},"modified":"2022-07-27T15:59:10","modified_gmt":"2022-07-27T13:59:10","slug":"beratung","status":"publish","type":"page","link":"https:\/\/dr-schaefer-partner.de\/en\/beratung\/","title":{"rendered":"Consulting"},"content":{"rendered":"<h2 class=\"wp-block-heading\"><strong>WAS VERSTEHEN WIR UNTER BERATUNG ODER CONSULTING?<\/strong><\/h2>\n\n\n\n<p>Unter Beratung (engl.: Consulting) verstehen wir einen zeitlich begrenzten Prozess der intensiven Zusammenarbeit zwischen Teilen eines Unternehmens und einem oder mehreren Beratern mit dem Ziel, den Aufbau einer Organisation oder die unternehmerischen Abl\u00e4ufe (intern oder extern) nachhaltig zu verbessern. Hierbei kann es z. B. um strategische oder operative Fragestellungen gehen, die Identifikation oder Beseitigung von Problemen, Fehlern und Ineffizienzen oder die Erschlie\u00dfung neuer Chancen und M\u00f6glichkeiten f\u00fcr das Unternehmen. Beratung bedeutet immer auch Ver\u00e4nderung. Genauer: wenn Beratung etwas bewirken (also nach au\u00dfen hin sichtbar werden) soll, d\u00fcrfen Analysen, Konzepte und Empfehlungen im Anschluss an eine Beratung nicht in der Schublade landen. Neben der Bereitschaft zu Ver\u00e4nderungen bedarf es hier vor allem der Bereitschaft zur \u00dcbernahme von Verantwortung - zwei elementare menschliche Tugenden, die in der Praxis regelm\u00e4\u00dfig seltener zu finden sind als die materiellen Ressourcen, die zur Umsetzung n\u00f6tig w\u00e4ren.<\/p>\n\n\n\n<figure class=\"wp-block-image size-large\"><img loading=\"lazy\" decoding=\"async\" width=\"1024\" height=\"683\" src=\"https:\/\/dr-schaefer-partner.de\/wp-content\/uploads\/2020\/04\/Beratung_Gerd_Altmann_pixabay-1024x683.jpg\" alt=\"\" class=\"wp-image-4896\" srcset=\"https:\/\/dr-schaefer-partner.de\/wp-content\/uploads\/2020\/04\/Beratung_Gerd_Altmann_pixabay-1024x683.jpg 1024w, https:\/\/dr-schaefer-partner.de\/wp-content\/uploads\/2020\/04\/Beratung_Gerd_Altmann_pixabay-300x200.jpg 300w, https:\/\/dr-schaefer-partner.de\/wp-content\/uploads\/2020\/04\/Beratung_Gerd_Altmann_pixabay-768x512.jpg 768w, https:\/\/dr-schaefer-partner.de\/wp-content\/uploads\/2020\/04\/Beratung_Gerd_Altmann_pixabay-1536x1024.jpg 1536w, https:\/\/dr-schaefer-partner.de\/wp-content\/uploads\/2020\/04\/Beratung_Gerd_Altmann_pixabay.jpg 1920w\" sizes=\"auto, (max-width: 1024px) 100vw, 1024px\" \/><figcaption>Beratung oder Consulting: Experten auf Augenh\u00f6he<\/figcaption><\/figure>\n\n\n\n<p><strong>Wo liegen unsere Schwerpunkte - und wo nicht?<\/strong><\/p>\n\n\n\n<p>Wir verstehen uns in der Beratung als Entwickler, nicht als Sanierer. Unsere Erfahrung: Wenn Unternehmen wirtschaftlich scheitern, sind sie in aller Regel vorher in anderen Disziplinen gescheitert, die nicht ernst genug genommen werden: durch eine falsche F\u00fchrungskultur ist nur ein Bruchteil des Mitarbeiterpotenzials f\u00fcr das Unternehmen nutzbar, eine entscheidende Ver\u00e4nderung wird nicht erkannt oder gar ignoriert, die Bedeutung der Unternehmenskultur (Kommunikationsverhalten, Konfliktverhalten, Fehlerkultur) wird untersch\u00e4tzt, man besch\u00e4ftigt sich zu viel - und h\u00e4ufig ergebnislos - mit sich selbst (Sitzungen, E-Mails) und zu wenig mit Kunden, Markt und Wettbewerb. Schlie\u00dflich f\u00fchren unpr\u00e4zise und nicht gelebte Strategien, unpassende (oft \u00fcberdimensionierte) Portfolios und ineffiziente Prozesse zum Niedergang von Unternehmen. Urspr\u00fcnglich entstanden durch Vers\u00e4umnisse auf der zwischenmenschlichen Ebene, sind die wirtschaftlichen (finanziellen) Konsequenzen h\u00e4ufig fatal.<\/p>\n\n\n\n<p>Unser Fokus liegt daher auf den folgenden Beratungsfeldern:<\/p>\n\n\n\n<p>\u2022&nbsp;(Neu-)Konzeption der F\u00fchrungskr\u00e4fteentwicklung<\/p>\n\n\n\n<p>\u2022&nbsp;Strategieentwicklung<\/p>\n\n\n\n<p>\u2022&nbsp;Ver\u00e4nderungen wirksam gestalten und begleiten (Change Management)<\/p>\n\n\n\n<p>\u2022&nbsp;Entwicklung der Unternehmenskultur: F\u00fchrungsleitlinien, Werte, Leitbild<\/p>\n\n\n\n<p>\u2022&nbsp;Portfolioanalyse und Portfoliofokussierung<\/p>\n\n\n\n<p>\u2022&nbsp;Positionierung und Pricing<\/p>\n\n\n\n<p>\u2022&nbsp;Prozessberatung (Toyota Production System \/ Lean Management)<\/p>\n\n\n\n<p>Klienten, deren Beratungsbedarf schwerpunktm\u00e4\u00dfig auf der Finanzseite liegt (z. B. Mergers &amp; Acquisitions, Due Diligence, Invest \/ Desinvest, Make or Buy, Management Buy Out, Turn Around etc.) seien an die klassischen Beratungsh\u00e4user und gro\u00dfen Strategieberatungen mit entsprechendem Fokus verwiesen.<\/p>\n\n\n\n<p><strong>Wie gehen wir vor?<\/strong><\/p>\n\n\n\n<p>Unsere Beratung beginnt h\u00e4ufig mit strukturierten Interviews eines repr\u00e4sentativen Querschnitts der Belegschaft zu gezielten Fragestellungen (falls bereits vorhanden) bzw. mit der systematischen Erfassung der Ausgangslage aus mehreren Blickwinkeln des Unternehmens. Nach dem Grundsatz \u201ckeine Ma\u00dfnahme ohne Diagnose\u201d wird durch diese Unternehmenssituationsanalyse verhindert, dass an vordergr\u00fcndigen Symptomen (z. B. nur auf der Zahlenseite) gearbeitet wird, ohne die wahren Ursachen verstanden zu haben.<\/p>\n\n\n\n<p>Ergebnis dieser Analyse ist ein Gutachten mit konkreten Handlungsempfehlungen, um auf den erkannten Entwicklungsfeldern voran zu kommen. \u00dcber die Auswahl und Umsetzung, \u00fcber zu f\u00e4llende Entscheidungen und notwendige Ver\u00e4nderungen bzw. \u00fcber sinnvolle Anschlussma\u00dfnahmen entscheidet am Ende der Analysephase allein der Auftraggeber.<\/p>\n\n\n\n<p>Sollte der Auftraggeber sich f\u00fcr eine Fortsetzung mit uns entscheiden, bilden wir zusammen mit Schl\u00fcsselpersonen des Unternehmens (und ggf. mit weiteren Experten) ein Projektteam zur zielorientierten Bearbeitung der definierten Aktionspunkte.<\/p>\n\n\n\n<p><strong>Wie verstehen wir \u201cVerantwortung\u201d im Beratungskontext?<\/strong><\/p>\n\n\n\n<p>Wir \u00fcbernehmen Verantwortung f\u00fcr unser Handeln, in dessen Mittelpunkt stets der Klient und das Wohl seiner Unternehmung steht. Daf\u00fcr setzen wir unsere gesamte Erfahrung, erprobte Konzepte und unseren gesunden Menschenverstand ein. Wo erforderlich, ziehen wir auch erfahrene Experten aus unserem Netzwerk dazu. Zu unserer Verantwortung geh\u00f6rt auch Transparenz und Offenheit in der Kommunikation mit unserem Klienten.<\/p>\n\n\n\n<p>Zugleich achten wir darauf, dass unser Klient nicht seine eigene unternehmerische Verantwortung auf uns abw\u00e4lzt mit dem Hinweis, \u201cman zahle ja daf\u00fcr\u201d. Wir verstehen uns nicht als Entscheidungslegitimierer. Auch wenn wir Entscheidungen sorgf\u00e4ltig zusammen mit dem Auftraggeber vorbereiten: Am Ende muss eine Entscheidung von der Unternehmensleitung getroffen und vorgelebt werden, damit sie von den Mitarbeitern getragen und unterst\u00fctzt wird.<\/p>\n\n\n\n<p>Was ungew\u00f6hnlich erscheinen mag: Wir \u00fcbernehmen auch Verantwortung \u00fcber das konkrete Mandat hinaus, wenn es dem Klienten dient. Zum Beispiel dann, wenn wir feststellen, dass es sich beim beauftragten Problem um einen Nebenschauplatz handelt. In diesem Fall betrachten wir es als unsere Pflicht, unseren Klienten darauf hinzuweisen, dass durch das L\u00f6sen der genannten Aufgabe das Klientenproblem nicht verschwinden wird. Dies geht so weit, dass wir im Zweifelsfall auch mal einen Auftrag ablehnen, wenn es sich um \u201cAlibi-Mandate\u201d oder Gef\u00e4lligkeitsgutachten handelt.<\/p>\n\n\n\n<p><em>Sprechen Sie uns gern an, wenn Sie wissen m\u00f6chten, ob und ggf. wie wir zu Ihrem spezifischen Beratungsbedarf passen und welcher Beratungsansatz sich f\u00fcr Ihre Fragestellung eignet.<\/em><\/p>","protected":false},"excerpt":{"rendered":"<p>WAS VERSTEHEN WIR UNTER BERATUNG ODER CONSULTING?<\/p>\n<p>Unter Beratung (engl.: Consulting) verstehen wir einen zeitlich begrenzten Prozess der intensiven Zusammenarbeit zwischen Teilen eines Unternehmens und einem oder mehreren Beratern mit dem Ziel, den Aufbau einer Organisation oder die unternehmerischen Abl\u00e4ufe (intern oder extern) nachhaltig zu verbessern. Hierbei kann es z. B. um strategische oder operative Fragestellungen gehen, die Identifikation oder Beseitigung von Problemen, Fehlern und Ineffizienzen oder die Erschlie\u00dfung neuer Chancen und M\u00f6glichkeiten f\u00fcr das Unternehmen. Beratung bedeutet immer auch Ver\u00e4nderung. Genauer: wenn Beratung etwas bewirken (also nach au\u00dfen hin sichtbar<\/p>","protected":false},"author":1,"featured_media":0,"parent":0,"menu_order":0,"comment_status":"closed","ping_status":"closed","template":"page-fullwidth.php","meta":{"ghostkit_customizer_options":"","ghostkit_custom_css":"","ghostkit_custom_js_head":"","ghostkit_custom_js_foot":"","ghostkit_typography":"","footnotes":""},"class_list":["post-4693","page","type-page","status-publish","hentry"],"yoast_head":"<!-- This site is optimized with the Yoast SEO plugin v26.3 - https:\/\/yoast.com\/wordpress\/plugins\/seo\/ -->\n<title>Beratung oder Consulting - Unsere Zusammenarbeit<\/title>\n<meta name=\"description\" content=\"Beratung durch Dr. Sch\u00e4fer &amp; Partner zur Identifikation oder Beseitigung von Problemen \u2605 Fehlern \u2605 Ineffizienzen \u27a8 rufen Sie uns an unter +49 (0)89 55 89 10 10\" \/>\n<meta name=\"robots\" content=\"index, follow, max-snippet:-1, max-image-preview:large, max-video-preview:-1\" \/>\n<link rel=\"canonical\" href=\"https:\/\/dr-schaefer-partner.de\/en\/beratung\/\" \/>\n<meta property=\"og:locale\" content=\"en_GB\" \/>\n<meta property=\"og:type\" content=\"article\" \/>\n<meta property=\"og:title\" content=\"Beratung oder Consulting - Unsere Zusammenarbeit\" \/>\n<meta property=\"og:description\" content=\"Beratung durch Dr. Sch\u00e4fer &amp; Partner zur Identifikation oder Beseitigung von Problemen \u2605 Fehlern \u2605 Ineffizienzen \u27a8 rufen Sie uns an unter +49 (0)89 55 89 10 10\" \/>\n<meta property=\"og:url\" content=\"https:\/\/dr-schaefer-partner.de\/en\/beratung\/\" \/>\n<meta property=\"og:site_name\" content=\"dr-schaefer-partner\" \/>\n<meta property=\"article:publisher\" content=\"https:\/\/www.xing.com\/profile\/Chris_Schaefer\/cv\" \/>\n<meta property=\"article:modified_time\" content=\"2022-07-27T13:59:10+00:00\" \/>\n<meta property=\"og:image\" content=\"https:\/\/dr-schaefer-partner.de\/wp-content\/uploads\/2020\/04\/Beratung_Gerd_Altmann_pixabay-1024x683.jpg\" \/>\n<meta name=\"twitter:card\" content=\"summary_large_image\" \/>\n<meta name=\"twitter:label1\" content=\"Estimated reading time\" \/>\n\t<meta name=\"twitter:data1\" content=\"5 minutes\" \/>\n<script type=\"application\/ld+json\" class=\"yoast-schema-graph\">{\"@context\":\"https:\/\/schema.org\",\"@graph\":[{\"@type\":\"WebPage\",\"@id\":\"https:\/\/dr-schaefer-partner.de\/beratung\/\",\"url\":\"https:\/\/dr-schaefer-partner.de\/beratung\/\",\"name\":\"Beratung oder Consulting - Unsere Zusammenarbeit\",\"isPartOf\":{\"@id\":\"https:\/\/dr-schaefer-partner.de\/#website\"},\"primaryImageOfPage\":{\"@id\":\"https:\/\/dr-schaefer-partner.de\/beratung\/#primaryimage\"},\"image\":{\"@id\":\"https:\/\/dr-schaefer-partner.de\/beratung\/#primaryimage\"},\"thumbnailUrl\":\"https:\/\/dr-schaefer-partner.de\/wp-content\/uploads\/2020\/04\/Beratung_Gerd_Altmann_pixabay-1024x683.jpg\",\"datePublished\":\"2019-12-16T11:53:18+00:00\",\"dateModified\":\"2022-07-27T13:59:10+00:00\",\"description\":\"Beratung durch Dr. Sch\u00e4fer & Partner zur Identifikation oder Beseitigung von Problemen \u2605 Fehlern \u2605 Ineffizienzen \u27a8 rufen Sie uns an unter +49 (0)89 55 89 10 10\",\"breadcrumb\":{\"@id\":\"https:\/\/dr-schaefer-partner.de\/beratung\/#breadcrumb\"},\"inLanguage\":\"en-GB\",\"potentialAction\":[{\"@type\":\"ReadAction\",\"target\":[\"https:\/\/dr-schaefer-partner.de\/beratung\/\"]}]},{\"@type\":\"ImageObject\",\"inLanguage\":\"en-GB\",\"@id\":\"https:\/\/dr-schaefer-partner.de\/beratung\/#primaryimage\",\"url\":\"https:\/\/dr-schaefer-partner.de\/wp-content\/uploads\/2020\/04\/Beratung_Gerd_Altmann_pixabay-1024x683.jpg\",\"contentUrl\":\"https:\/\/dr-schaefer-partner.de\/wp-content\/uploads\/2020\/04\/Beratung_Gerd_Altmann_pixabay-1024x683.jpg\"},{\"@type\":\"BreadcrumbList\",\"@id\":\"https:\/\/dr-schaefer-partner.de\/beratung\/#breadcrumb\",\"itemListElement\":[{\"@type\":\"ListItem\",\"position\":1,\"name\":\"Startseite\",\"item\":\"https:\/\/dr-schaefer-partner.de\/\"},{\"@type\":\"ListItem\",\"position\":2,\"name\":\"Beratung\"}]},{\"@type\":\"WebSite\",\"@id\":\"https:\/\/dr-schaefer-partner.de\/#website\",\"url\":\"https:\/\/dr-schaefer-partner.de\/\",\"name\":\"Verkaufstraining Kaltakquise Preisverhandlung\",\"description\":\"Verkaufstraining Preisverhandlung Kaltakquise F\u00fchrung Insights Discovery\",\"publisher\":{\"@id\":\"https:\/\/dr-schaefer-partner.de\/#organization\"},\"potentialAction\":[{\"@type\":\"SearchAction\",\"target\":{\"@type\":\"EntryPoint\",\"urlTemplate\":\"https:\/\/dr-schaefer-partner.de\/?s={search_term_string}\"},\"query-input\":{\"@type\":\"PropertyValueSpecification\",\"valueRequired\":true,\"valueName\":\"search_term_string\"}}],\"inLanguage\":\"en-GB\"},{\"@type\":\"Organization\",\"@id\":\"https:\/\/dr-schaefer-partner.de\/#organization\",\"name\":\"Dr. Sch\u00e4fer & Partner\",\"url\":\"https:\/\/dr-schaefer-partner.de\/\",\"logo\":{\"@type\":\"ImageObject\",\"inLanguage\":\"en-GB\",\"@id\":\"https:\/\/dr-schaefer-partner.de\/#\/schema\/logo\/image\/\",\"url\":\"https:\/\/dr-schaefer-partner.de\/wp-content\/uploads\/2019\/12\/logo-758px.jpg\",\"contentUrl\":\"https:\/\/dr-schaefer-partner.de\/wp-content\/uploads\/2019\/12\/logo-758px.jpg\",\"width\":758,\"height\":104,\"caption\":\"Dr. Sch\u00e4fer & Partner\"},\"image\":{\"@id\":\"https:\/\/dr-schaefer-partner.de\/#\/schema\/logo\/image\/\"},\"sameAs\":[\"https:\/\/www.xing.com\/profile\/Chris_Schaefer\/cv\",\"https:\/\/www.linkedin.com\/in\/dr-chris-schaefer\/\"]}]}<\/script>\n<!-- \/ Yoast SEO plugin. -->","yoast_head_json":{"title":"Beratung oder Consulting - Unsere Zusammenarbeit","description":"Beratung durch Dr. Sch\u00e4fer & Partner zur Identifikation oder Beseitigung von Problemen \u2605 Fehlern \u2605 Ineffizienzen \u27a8 rufen Sie uns an unter +49 (0)89 55 89 10 10","robots":{"index":"index","follow":"follow","max-snippet":"max-snippet:-1","max-image-preview":"max-image-preview:large","max-video-preview":"max-video-preview:-1"},"canonical":"https:\/\/dr-schaefer-partner.de\/en\/beratung\/","og_locale":"en_GB","og_type":"article","og_title":"Beratung oder Consulting - Unsere Zusammenarbeit","og_description":"Beratung durch Dr. Sch\u00e4fer & Partner zur Identifikation oder Beseitigung von Problemen \u2605 Fehlern \u2605 Ineffizienzen \u27a8 rufen Sie uns an unter +49 (0)89 55 89 10 10","og_url":"https:\/\/dr-schaefer-partner.de\/en\/beratung\/","og_site_name":"dr-schaefer-partner","article_publisher":"https:\/\/www.xing.com\/profile\/Chris_Schaefer\/cv","article_modified_time":"2022-07-27T13:59:10+00:00","og_image":[{"url":"https:\/\/dr-schaefer-partner.de\/wp-content\/uploads\/2020\/04\/Beratung_Gerd_Altmann_pixabay-1024x683.jpg","type":"","width":"","height":""}],"twitter_card":"summary_large_image","twitter_misc":{"Estimated reading time":"5 minutes"},"schema":{"@context":"https:\/\/schema.org","@graph":[{"@type":"WebPage","@id":"https:\/\/dr-schaefer-partner.de\/beratung\/","url":"https:\/\/dr-schaefer-partner.de\/beratung\/","name":"Beratung oder Consulting - Unsere Zusammenarbeit","isPartOf":{"@id":"https:\/\/dr-schaefer-partner.de\/#website"},"primaryImageOfPage":{"@id":"https:\/\/dr-schaefer-partner.de\/beratung\/#primaryimage"},"image":{"@id":"https:\/\/dr-schaefer-partner.de\/beratung\/#primaryimage"},"thumbnailUrl":"https:\/\/dr-schaefer-partner.de\/wp-content\/uploads\/2020\/04\/Beratung_Gerd_Altmann_pixabay-1024x683.jpg","datePublished":"2019-12-16T11:53:18+00:00","dateModified":"2022-07-27T13:59:10+00:00","description":"Beratung durch Dr. Sch\u00e4fer & Partner zur Identifikation oder Beseitigung von Problemen \u2605 Fehlern \u2605 Ineffizienzen \u27a8 rufen Sie uns an unter +49 (0)89 55 89 10 10","breadcrumb":{"@id":"https:\/\/dr-schaefer-partner.de\/beratung\/#breadcrumb"},"inLanguage":"en-GB","potentialAction":[{"@type":"ReadAction","target":["https:\/\/dr-schaefer-partner.de\/beratung\/"]}]},{"@type":"ImageObject","inLanguage":"en-GB","@id":"https:\/\/dr-schaefer-partner.de\/beratung\/#primaryimage","url":"https:\/\/dr-schaefer-partner.de\/wp-content\/uploads\/2020\/04\/Beratung_Gerd_Altmann_pixabay-1024x683.jpg","contentUrl":"https:\/\/dr-schaefer-partner.de\/wp-content\/uploads\/2020\/04\/Beratung_Gerd_Altmann_pixabay-1024x683.jpg"},{"@type":"BreadcrumbList","@id":"https:\/\/dr-schaefer-partner.de\/beratung\/#breadcrumb","itemListElement":[{"@type":"ListItem","position":1,"name":"Startseite","item":"https:\/\/dr-schaefer-partner.de\/"},{"@type":"ListItem","position":2,"name":"Beratung"}]},{"@type":"WebSite","@id":"https:\/\/dr-schaefer-partner.de\/#website","url":"https:\/\/dr-schaefer-partner.de\/","name":"Verkaufstraining Kaltakquise Preisverhandlung","description":"Verkaufstraining Preisverhandlung Kaltakquise F\u00fchrung Insights Discovery","publisher":{"@id":"https:\/\/dr-schaefer-partner.de\/#organization"},"potentialAction":[{"@type":"SearchAction","target":{"@type":"EntryPoint","urlTemplate":"https:\/\/dr-schaefer-partner.de\/?s={search_term_string}"},"query-input":{"@type":"PropertyValueSpecification","valueRequired":true,"valueName":"search_term_string"}}],"inLanguage":"en-GB"},{"@type":"Organization","@id":"https:\/\/dr-schaefer-partner.de\/#organization","name":"Dr. Sch\u00e4fer & Partner","url":"https:\/\/dr-schaefer-partner.de\/","logo":{"@type":"ImageObject","inLanguage":"en-GB","@id":"https:\/\/dr-schaefer-partner.de\/#\/schema\/logo\/image\/","url":"https:\/\/dr-schaefer-partner.de\/wp-content\/uploads\/2019\/12\/logo-758px.jpg","contentUrl":"https:\/\/dr-schaefer-partner.de\/wp-content\/uploads\/2019\/12\/logo-758px.jpg","width":758,"height":104,"caption":"Dr. Sch\u00e4fer & Partner"},"image":{"@id":"https:\/\/dr-schaefer-partner.de\/#\/schema\/logo\/image\/"},"sameAs":["https:\/\/www.xing.com\/profile\/Chris_Schaefer\/cv","https:\/\/www.linkedin.com\/in\/dr-chris-schaefer\/"]}]}},"_links":{"self":[{"href":"https:\/\/dr-schaefer-partner.de\/en\/wp-json\/wp\/v2\/pages\/4693","targetHints":{"allow":["GET"]}}],"collection":[{"href":"https:\/\/dr-schaefer-partner.de\/en\/wp-json\/wp\/v2\/pages"}],"about":[{"href":"https:\/\/dr-schaefer-partner.de\/en\/wp-json\/wp\/v2\/types\/page"}],"author":[{"embeddable":true,"href":"https:\/\/dr-schaefer-partner.de\/en\/wp-json\/wp\/v2\/users\/1"}],"replies":[{"embeddable":true,"href":"https:\/\/dr-schaefer-partner.de\/en\/wp-json\/wp\/v2\/comments?post=4693"}],"version-history":[{"count":0,"href":"https:\/\/dr-schaefer-partner.de\/en\/wp-json\/wp\/v2\/pages\/4693\/revisions"}],"wp:attachment":[{"href":"https:\/\/dr-schaefer-partner.de\/en\/wp-json\/wp\/v2\/media?parent=4693"}],"curies":[{"name":"wp","href":"https:\/\/api.w.org\/{rel}","templated":true}]}}