{"id":4685,"date":"2019-12-16T12:46:38","date_gmt":"2019-12-16T11:46:38","guid":{"rendered":"https:\/\/dr-schaefer-partner.sfw-media.de\/?page_id=4685"},"modified":"2022-07-27T16:11:41","modified_gmt":"2022-07-27T14:11:41","slug":"coaching","status":"publish","type":"page","link":"https:\/\/dr-schaefer-partner.de\/en\/coaching\/","title":{"rendered":"Coaching"},"content":{"rendered":"<h2 class=\"wp-block-heading\">WAS ZEICHNET COACHING AUS?<\/h2>\n\n\n\n<p>Coaching ist gekennzeichnet durch Intimit\u00e4t und Vertrauen und findet nicht im \u201cluftleeren Raum\u201d sondern stets beruflichen Kontext des Coachees statt, der ein \u2013 mehr oder weniger \u2013 konkretes Anliegen bearbeiten m\u00f6chte. Gleichzeitig kann das Ergebnis am Ende des Prozesses durchaus anders aussehen, als zu Beginn der Reise von Coachee oder Auftraggeber erwartet. Diese Ergebnisoffenheit, das gemeinsame Aushalten des \u201enoch-nicht-Wissens\u201c von Coachee und Coach, ist es, was Coaching zugleich anspruchsvoll und wertvoll macht. Der Coach hilft dem Coachee - \u00fcber ehrliches Feedback und Anleitung zur Selbstreflexion - die eigene Wahrnehmung zu sch\u00e4rfen und neue Sichtweisen zu entwickeln. Neben Offenheit lebt Coaching vor allem von Verbindlichkeit: in jeder Coaching-Sitzung werden Vereinbarungen f\u00fcr den Praxistransfer getroffen, die der Coachee in seiner Berufsrealit\u00e4t umsetzt und deren Wirkung und Erfolg in der n\u00e4chsten Sitzung ausgewertet werden.<\/p>\n\n\n\n<figure class=\"wp-block-image size-large\"><img loading=\"lazy\" decoding=\"async\" width=\"1024\" height=\"683\" src=\"https:\/\/dr-schaefer-partner.de\/wp-content\/uploads\/2020\/04\/8HR-Gipfel2019-1107-1024x683.jpg\" alt=\"\" class=\"wp-image-4893\" srcset=\"https:\/\/dr-schaefer-partner.de\/wp-content\/uploads\/2020\/04\/8HR-Gipfel2019-1107-1024x683.jpg 1024w, https:\/\/dr-schaefer-partner.de\/wp-content\/uploads\/2020\/04\/8HR-Gipfel2019-1107-300x200.jpg 300w, https:\/\/dr-schaefer-partner.de\/wp-content\/uploads\/2020\/04\/8HR-Gipfel2019-1107-768x512.jpg 768w, https:\/\/dr-schaefer-partner.de\/wp-content\/uploads\/2020\/04\/8HR-Gipfel2019-1107-1536x1024.jpg 1536w, https:\/\/dr-schaefer-partner.de\/wp-content\/uploads\/2020\/04\/8HR-Gipfel2019-1107.jpg 1600w\" sizes=\"auto, (max-width: 1024px) 100vw, 1024px\" \/><\/figure>\n\n\n\n<h3 class=\"wp-block-heading\">WANN IST COACHING EINE SINNVOLLE METHODE?<\/h3>\n\n\n\n<p>Coaching wird h\u00e4ufig f\u00fcr F\u00fchrungskr\u00e4fte eingesetzt, ist aber nicht auf diese Ebene beschr\u00e4nkt. Coaching ist angezeigt, wenn ein Mensch in seiner beruflichen Umgebung mit Ver\u00e4nderungen konfrontiert ist, wenn Krisen bew\u00e4ltigt oder Konflikte endlich angegangen werden sollen. Typische Anl\u00e4sse sind z. B. die \u00dcbernahme neuer Aufgaben und Verantwortungen im Unternehmen (bspw. die \u00dcbernahme einer F\u00fchrungsrolle), Konflikte zwischen beruflicher und privater Rolle des Coachees oder auch Ver\u00e4nderungen in der Motivationslage bzw. der gesundheitlichen Situation des Klienten. Fatal: Gerade bei den obersten F\u00fchrungskr\u00e4ften (Top Executives), die \u201cin d\u00fcnner Luft\u201d immer weniger ehrliches Feedback erhalten, herrscht oft die Einstellung, dass man sich als Chef doch keine Hilfe holen k\u00f6nne. Die Erwartungen des Umfelds - und h\u00e4ufig auch die eigenen - an die berufliche Rolle und Verantwortung, lassen dies nicht zu. Aber auch ein Gesch\u00e4ftsf\u00fchrer ist zuallererst Mensch und kein \u201cSupermann\u201d und kann nicht immer alles unter Kontrolle haben und jederzeit wissen, welche Entscheidung die richtige ist. Und trotzdem muss er entscheiden, oft unter Zeitdruck und mit massiven Konsequenzen auf Gesch\u00e4ft und Belegschaft.<\/p>\n\n\n\n<h3 class=\"wp-block-heading\">WIE VERSTEHEN WIR UNSERE ROLLE ALS COACH?<\/h3>\n\n\n\n<p>Coaching bedeutet f\u00fcr uns \u201eBegleitung auf Zeit\u201c und Begegnung auf Augenh\u00f6he. Es ist nicht einer wissend und der andere blind, sondern man ist gemeinsam suchend unterwegs. Ausgehend von einem humanistischen Menschenbild sind wir davon \u00fcberzeugt, dass jeder Mensch bereits alle Antworten und L\u00f6sungen als Anlage in sich tr\u00e4gt. Unsere Aufgabe sehen wir deshalb darin, den Coachee bei der Entwicklung seiner Pers\u00f6nlichkeit und Bewusstmachung seiner Wirkung im systemischen Kontext zu unterst\u00fctzen und gemeinsam mit ihm zielf\u00fchrende Handlungsoptionen zu entwickeln. Die Verantwortung f\u00fcr Entscheidung zwischen m\u00f6glichen Alternativen sowie f\u00fcr die praktische Umsetzung verbleibt bewusst beim Coachee. Unsere Verantwortung besteht darin, konzentriert und situativ s\u00e4mtliche Methoden, Erfahrungen und Interventionen (auch die Konfrontation) einzusetzen, um das Vorankommen unseres Klienten optimal zu unterst\u00fctzen. Dabei bestimmt der Coachee (und nicht der Coach) die Inhalte und Themen, die im Vordergrund stehen sollen.<\/p>\n\n\n\n<h3 class=\"wp-block-heading\">WIE STEHEN WIR ZU VERTRAULICHKEIT UND WAS IST UNSERE BERUFSETHIK?<\/h3>\n\n\n\n<p>Per Coachingvertrag wird klar geregelt, welche Informationen von wem an wen berichtet werden. Im Zweifelsfall hat der Coachee hier die Hoheit, welche Inhalte und Ergebnisse wem verf\u00fcgbar gemacht werden d\u00fcrfen. \u201eAlibi-Mandate\u201c, bei denen ein Kandidat auf eine gew\u00fcnschte L\u00f6sung \u201ehingecoacht\u201c werden soll, lehnen wir genauso ab wie solche, bei denen der Coachee kein erkennbares Interesse an der Entwicklung \/ keine Eigenmotivation zeigt bzw. gar zum Coaching \u201e\u00fcberredet\u201c wurde.<\/p>\n\n\n\n<p>Sprechen Sie uns gern an, z. B. wenn Sie wissen m\u00f6chten, wie lange ein Coaching dauern sollte, wie h\u00e4ufig die Treffen stattfinden und vieles mehr.<\/p>","protected":false},"excerpt":{"rendered":"<p>WAS ZEICHNET COACHING AUS?<\/p>\n<p>Coaching ist gekennzeichnet durch Intimit\u00e4t und Vertrauen und findet nicht im \u201cluftleeren Raum\u201d sondern stets beruflichen Kontext des Coachees statt, der ein \u2013 mehr oder weniger \u2013 konkretes Anliegen bearbeiten m\u00f6chte. Gleichzeitig kann das Ergebnis am Ende des Prozesses durchaus anders aussehen, als zu Beginn der Reise von Coachee oder Auftraggeber erwartet. Diese Ergebnisoffenheit, das gemeinsame Aushalten des \u201enoch-nicht-Wissens\u201c von Coachee und Coach, ist es, was Coaching zugleich anspruchsvoll und wertvoll macht. Der Coach hilft dem Coachee &#8211; \u00fcber ehrliches Feedback und Anleitung zur Selbstreflexion &#8211; die<\/p>","protected":false},"author":1,"featured_media":0,"parent":0,"menu_order":0,"comment_status":"closed","ping_status":"closed","template":"page-nosidebar.php","meta":{"ghostkit_customizer_options":"","ghostkit_custom_css":"","ghostkit_custom_js_head":"","ghostkit_custom_js_foot":"","ghostkit_typography":"","footnotes":""},"class_list":["post-4685","page","type-page","status-publish","hentry"],"yoast_head":"<!-- This site is optimized with the Yoast SEO plugin v26.3 - https:\/\/yoast.com\/wordpress\/plugins\/seo\/ -->\n<title>Coaching - Verkaufscoaching Dr. Sch\u00e4fer &amp; Partner<\/title>\n<meta name=\"description\" content=\"Coaching - Begegnung auf Augenh\u00f6he \u2713 Vertraulich \u2713 Entwicklung der Pers\u00f6nlichkeit \u27a8 Jetzt anrufen \ud83d\udcde +49 (0)89 55 89 10 10\" \/>\n<meta name=\"robots\" content=\"index, follow, max-snippet:-1, max-image-preview:large, max-video-preview:-1\" \/>\n<link rel=\"canonical\" href=\"https:\/\/dr-schaefer-partner.de\/en\/coaching\/\" \/>\n<meta property=\"og:locale\" content=\"en_GB\" \/>\n<meta property=\"og:type\" content=\"article\" \/>\n<meta property=\"og:title\" content=\"Coaching - Verkaufscoaching Dr. Sch\u00e4fer &amp; Partner\" \/>\n<meta property=\"og:description\" content=\"Coaching - Begegnung auf Augenh\u00f6he \u2713 Vertraulich \u2713 Entwicklung der Pers\u00f6nlichkeit \u27a8 Jetzt anrufen \ud83d\udcde +49 (0)89 55 89 10 10\" \/>\n<meta property=\"og:url\" content=\"https:\/\/dr-schaefer-partner.de\/en\/coaching\/\" \/>\n<meta property=\"og:site_name\" content=\"dr-schaefer-partner\" \/>\n<meta property=\"article:publisher\" content=\"https:\/\/www.xing.com\/profile\/Chris_Schaefer\/cv\" \/>\n<meta property=\"article:modified_time\" content=\"2022-07-27T14:11:41+00:00\" \/>\n<meta property=\"og:image\" content=\"https:\/\/dr-schaefer-partner.de\/wp-content\/uploads\/2020\/04\/8HR-Gipfel2019-1107-1024x683.jpg\" \/>\n<meta name=\"twitter:card\" content=\"summary_large_image\" \/>\n<meta name=\"twitter:label1\" content=\"Estimated reading time\" \/>\n\t<meta name=\"twitter:data1\" content=\"4 minutes\" \/>\n<script type=\"application\/ld+json\" class=\"yoast-schema-graph\">{\"@context\":\"https:\/\/schema.org\",\"@graph\":[{\"@type\":\"WebPage\",\"@id\":\"https:\/\/dr-schaefer-partner.de\/coaching\/\",\"url\":\"https:\/\/dr-schaefer-partner.de\/coaching\/\",\"name\":\"Coaching - Verkaufscoaching Dr. Sch\u00e4fer & Partner\",\"isPartOf\":{\"@id\":\"https:\/\/dr-schaefer-partner.de\/#website\"},\"primaryImageOfPage\":{\"@id\":\"https:\/\/dr-schaefer-partner.de\/coaching\/#primaryimage\"},\"image\":{\"@id\":\"https:\/\/dr-schaefer-partner.de\/coaching\/#primaryimage\"},\"thumbnailUrl\":\"https:\/\/dr-schaefer-partner.de\/wp-content\/uploads\/2020\/04\/8HR-Gipfel2019-1107-1024x683.jpg\",\"datePublished\":\"2019-12-16T11:46:38+00:00\",\"dateModified\":\"2022-07-27T14:11:41+00:00\",\"description\":\"Coaching - Begegnung auf Augenh\u00f6he \u2713 Vertraulich \u2713 Entwicklung der Pers\u00f6nlichkeit \u27a8 Jetzt anrufen \ud83d\udcde +49 (0)89 55 89 10 10\",\"breadcrumb\":{\"@id\":\"https:\/\/dr-schaefer-partner.de\/coaching\/#breadcrumb\"},\"inLanguage\":\"en-GB\",\"potentialAction\":[{\"@type\":\"ReadAction\",\"target\":[\"https:\/\/dr-schaefer-partner.de\/coaching\/\"]}]},{\"@type\":\"ImageObject\",\"inLanguage\":\"en-GB\",\"@id\":\"https:\/\/dr-schaefer-partner.de\/coaching\/#primaryimage\",\"url\":\"https:\/\/dr-schaefer-partner.de\/wp-content\/uploads\/2020\/04\/8HR-Gipfel2019-1107-1024x683.jpg\",\"contentUrl\":\"https:\/\/dr-schaefer-partner.de\/wp-content\/uploads\/2020\/04\/8HR-Gipfel2019-1107-1024x683.jpg\"},{\"@type\":\"BreadcrumbList\",\"@id\":\"https:\/\/dr-schaefer-partner.de\/coaching\/#breadcrumb\",\"itemListElement\":[{\"@type\":\"ListItem\",\"position\":1,\"name\":\"Startseite\",\"item\":\"https:\/\/dr-schaefer-partner.de\/\"},{\"@type\":\"ListItem\",\"position\":2,\"name\":\"Coaching\"}]},{\"@type\":\"WebSite\",\"@id\":\"https:\/\/dr-schaefer-partner.de\/#website\",\"url\":\"https:\/\/dr-schaefer-partner.de\/\",\"name\":\"Verkaufstraining Kaltakquise Preisverhandlung\",\"description\":\"Verkaufstraining Preisverhandlung Kaltakquise F\u00fchrung Insights Discovery\",\"publisher\":{\"@id\":\"https:\/\/dr-schaefer-partner.de\/#organization\"},\"potentialAction\":[{\"@type\":\"SearchAction\",\"target\":{\"@type\":\"EntryPoint\",\"urlTemplate\":\"https:\/\/dr-schaefer-partner.de\/?s={search_term_string}\"},\"query-input\":{\"@type\":\"PropertyValueSpecification\",\"valueRequired\":true,\"valueName\":\"search_term_string\"}}],\"inLanguage\":\"en-GB\"},{\"@type\":\"Organization\",\"@id\":\"https:\/\/dr-schaefer-partner.de\/#organization\",\"name\":\"Dr. Sch\u00e4fer & Partner\",\"url\":\"https:\/\/dr-schaefer-partner.de\/\",\"logo\":{\"@type\":\"ImageObject\",\"inLanguage\":\"en-GB\",\"@id\":\"https:\/\/dr-schaefer-partner.de\/#\/schema\/logo\/image\/\",\"url\":\"https:\/\/dr-schaefer-partner.de\/wp-content\/uploads\/2019\/12\/logo-758px.jpg\",\"contentUrl\":\"https:\/\/dr-schaefer-partner.de\/wp-content\/uploads\/2019\/12\/logo-758px.jpg\",\"width\":758,\"height\":104,\"caption\":\"Dr. Sch\u00e4fer & Partner\"},\"image\":{\"@id\":\"https:\/\/dr-schaefer-partner.de\/#\/schema\/logo\/image\/\"},\"sameAs\":[\"https:\/\/www.xing.com\/profile\/Chris_Schaefer\/cv\",\"https:\/\/www.linkedin.com\/in\/dr-chris-schaefer\/\"]}]}<\/script>\n<!-- \/ Yoast SEO plugin. -->","yoast_head_json":{"title":"Coaching - Verkaufscoaching Dr. Sch\u00e4fer & Partner","description":"Coaching - Begegnung auf Augenh\u00f6he \u2713 Vertraulich \u2713 Entwicklung der Pers\u00f6nlichkeit \u27a8 Jetzt anrufen \ud83d\udcde +49 (0)89 55 89 10 10","robots":{"index":"index","follow":"follow","max-snippet":"max-snippet:-1","max-image-preview":"max-image-preview:large","max-video-preview":"max-video-preview:-1"},"canonical":"https:\/\/dr-schaefer-partner.de\/en\/coaching\/","og_locale":"en_GB","og_type":"article","og_title":"Coaching - Verkaufscoaching Dr. Sch\u00e4fer & Partner","og_description":"Coaching - Begegnung auf Augenh\u00f6he \u2713 Vertraulich \u2713 Entwicklung der Pers\u00f6nlichkeit \u27a8 Jetzt anrufen \ud83d\udcde +49 (0)89 55 89 10 10","og_url":"https:\/\/dr-schaefer-partner.de\/en\/coaching\/","og_site_name":"dr-schaefer-partner","article_publisher":"https:\/\/www.xing.com\/profile\/Chris_Schaefer\/cv","article_modified_time":"2022-07-27T14:11:41+00:00","og_image":[{"url":"https:\/\/dr-schaefer-partner.de\/wp-content\/uploads\/2020\/04\/8HR-Gipfel2019-1107-1024x683.jpg","type":"","width":"","height":""}],"twitter_card":"summary_large_image","twitter_misc":{"Estimated reading time":"4 minutes"},"schema":{"@context":"https:\/\/schema.org","@graph":[{"@type":"WebPage","@id":"https:\/\/dr-schaefer-partner.de\/coaching\/","url":"https:\/\/dr-schaefer-partner.de\/coaching\/","name":"Coaching - Verkaufscoaching Dr. Sch\u00e4fer & Partner","isPartOf":{"@id":"https:\/\/dr-schaefer-partner.de\/#website"},"primaryImageOfPage":{"@id":"https:\/\/dr-schaefer-partner.de\/coaching\/#primaryimage"},"image":{"@id":"https:\/\/dr-schaefer-partner.de\/coaching\/#primaryimage"},"thumbnailUrl":"https:\/\/dr-schaefer-partner.de\/wp-content\/uploads\/2020\/04\/8HR-Gipfel2019-1107-1024x683.jpg","datePublished":"2019-12-16T11:46:38+00:00","dateModified":"2022-07-27T14:11:41+00:00","description":"Coaching - Begegnung auf Augenh\u00f6he \u2713 Vertraulich \u2713 Entwicklung der Pers\u00f6nlichkeit \u27a8 Jetzt anrufen \ud83d\udcde +49 (0)89 55 89 10 10","breadcrumb":{"@id":"https:\/\/dr-schaefer-partner.de\/coaching\/#breadcrumb"},"inLanguage":"en-GB","potentialAction":[{"@type":"ReadAction","target":["https:\/\/dr-schaefer-partner.de\/coaching\/"]}]},{"@type":"ImageObject","inLanguage":"en-GB","@id":"https:\/\/dr-schaefer-partner.de\/coaching\/#primaryimage","url":"https:\/\/dr-schaefer-partner.de\/wp-content\/uploads\/2020\/04\/8HR-Gipfel2019-1107-1024x683.jpg","contentUrl":"https:\/\/dr-schaefer-partner.de\/wp-content\/uploads\/2020\/04\/8HR-Gipfel2019-1107-1024x683.jpg"},{"@type":"BreadcrumbList","@id":"https:\/\/dr-schaefer-partner.de\/coaching\/#breadcrumb","itemListElement":[{"@type":"ListItem","position":1,"name":"Startseite","item":"https:\/\/dr-schaefer-partner.de\/"},{"@type":"ListItem","position":2,"name":"Coaching"}]},{"@type":"WebSite","@id":"https:\/\/dr-schaefer-partner.de\/#website","url":"https:\/\/dr-schaefer-partner.de\/","name":"Verkaufstraining Kaltakquise Preisverhandlung","description":"Verkaufstraining Preisverhandlung Kaltakquise F\u00fchrung Insights Discovery","publisher":{"@id":"https:\/\/dr-schaefer-partner.de\/#organization"},"potentialAction":[{"@type":"SearchAction","target":{"@type":"EntryPoint","urlTemplate":"https:\/\/dr-schaefer-partner.de\/?s={search_term_string}"},"query-input":{"@type":"PropertyValueSpecification","valueRequired":true,"valueName":"search_term_string"}}],"inLanguage":"en-GB"},{"@type":"Organization","@id":"https:\/\/dr-schaefer-partner.de\/#organization","name":"Dr. Sch\u00e4fer & Partner","url":"https:\/\/dr-schaefer-partner.de\/","logo":{"@type":"ImageObject","inLanguage":"en-GB","@id":"https:\/\/dr-schaefer-partner.de\/#\/schema\/logo\/image\/","url":"https:\/\/dr-schaefer-partner.de\/wp-content\/uploads\/2019\/12\/logo-758px.jpg","contentUrl":"https:\/\/dr-schaefer-partner.de\/wp-content\/uploads\/2019\/12\/logo-758px.jpg","width":758,"height":104,"caption":"Dr. Sch\u00e4fer & Partner"},"image":{"@id":"https:\/\/dr-schaefer-partner.de\/#\/schema\/logo\/image\/"},"sameAs":["https:\/\/www.xing.com\/profile\/Chris_Schaefer\/cv","https:\/\/www.linkedin.com\/in\/dr-chris-schaefer\/"]}]}},"_links":{"self":[{"href":"https:\/\/dr-schaefer-partner.de\/en\/wp-json\/wp\/v2\/pages\/4685","targetHints":{"allow":["GET"]}}],"collection":[{"href":"https:\/\/dr-schaefer-partner.de\/en\/wp-json\/wp\/v2\/pages"}],"about":[{"href":"https:\/\/dr-schaefer-partner.de\/en\/wp-json\/wp\/v2\/types\/page"}],"author":[{"embeddable":true,"href":"https:\/\/dr-schaefer-partner.de\/en\/wp-json\/wp\/v2\/users\/1"}],"replies":[{"embeddable":true,"href":"https:\/\/dr-schaefer-partner.de\/en\/wp-json\/wp\/v2\/comments?post=4685"}],"version-history":[{"count":0,"href":"https:\/\/dr-schaefer-partner.de\/en\/wp-json\/wp\/v2\/pages\/4685\/revisions"}],"wp:attachment":[{"href":"https:\/\/dr-schaefer-partner.de\/en\/wp-json\/wp\/v2\/media?parent=4685"}],"curies":[{"name":"wp","href":"https:\/\/api.w.org\/{rel}","templated":true}]}}