{"id":4645,"date":"2019-12-10T12:28:19","date_gmt":"2019-12-10T11:28:19","guid":{"rendered":"https:\/\/dr-schaefer-partner.sfw-media.de\/?page_id=4645"},"modified":"2022-07-27T16:18:10","modified_gmt":"2022-07-27T14:18:10","slug":"training","status":"publish","type":"page","link":"https:\/\/dr-schaefer-partner.de\/en\/training\/","title":{"rendered":"Training"},"content":{"rendered":"<h2 class=\"wp-block-heading\"><strong>Was verstehen wir unter Training?<\/strong><\/h2>\n\n\n\n<p>What we understand by Training<\/p>\n\n\n\n<figure class=\"wp-block-image size-large\"><img loading=\"lazy\" decoding=\"async\" width=\"1024\" height=\"768\" src=\"https:\/\/dr-schaefer-partner.de\/wp-content\/uploads\/2020\/04\/IMG_4812-1024x768.jpg\" alt=\"\" class=\"wp-image-4889\" srcset=\"https:\/\/dr-schaefer-partner.de\/wp-content\/uploads\/2020\/04\/IMG_4812-1024x768.jpg 1024w, https:\/\/dr-schaefer-partner.de\/wp-content\/uploads\/2020\/04\/IMG_4812-300x225.jpg 300w, https:\/\/dr-schaefer-partner.de\/wp-content\/uploads\/2020\/04\/IMG_4812-768x576.jpg 768w, https:\/\/dr-schaefer-partner.de\/wp-content\/uploads\/2020\/04\/IMG_4812-1536x1152.jpg 1536w, https:\/\/dr-schaefer-partner.de\/wp-content\/uploads\/2020\/04\/IMG_4812-2048x1536.jpg 2048w\" sizes=\"auto, (max-width: 1024px) 100vw, 1024px\" \/><figcaption>Insights Discovery Training an der Mannheim Business School<\/figcaption><\/figure>\n\n\n\n<p><strong>What makes a good training?<\/strong><\/p>\n\n\n\n<p>Ein Training steht und f\u00e4llt mit der Qualit\u00e4t des \nBriefings im Vorfeld. Die Vorerfahrungen, Bed\u00fcrfnisse und Erwartungen \nvon Teilnehmern und Auftraggeber bestimmen die Inhalte, das Setting und \nden Ab-lauf des Trainings. W\u00e4hrend des Trainings entscheidet die \nF\u00e4higkeit des Trainers, die Gruppe zu er-reichen und mitzunehmen, sein \nsituatives Gesp\u00fcr f\u00fcr Struktur einerseits und Flexibilit\u00e4t andererseits,\n sowie der Grad der Interaktivit\u00e4t bei der Bearbeitung der Themen \ndar\u00fcber, wie viel bei den Teilneh-mern an Klarheit und neuen Einsichten \nentsteht. Schlie\u00dflich zeigt sich in der Konzeption der Trans- \nfersicherung, ob die viel besungene \u201cNachhaltigkeit\u201d eine Worth\u00fclse \nbleibt oder wirklich Hand und Fu\u00df hat: Wir arbeiten z. B. gezielt mit \npers\u00f6nlichen Entwicklungspl\u00e4nen (Lerntagebuch \/ Learning Diary), mit \nLernpartnerschaften, mit Aufgaben zwischen Einzelmodulen und mit \nPraxis-Follow-up durch die Vorgesetzten, damit die \u201cguten Vors\u00e4tze\u201d auch\n tats\u00e4chlich in der Praxis ankommen und nicht im Regal verstauben.<\/p>\n\n\n\n<p>In der Trainerrolle verstehen wir uns als Moderatoren, die\n den Austausch unter den Teilnehmern f\u00f6rdern. Hin und wieder auch als \nImpulsgeber - \u00fcber klassische Medien wie Flipchart und Pinnwand - \nweniger als Pr\u00e4sentatoren (obwohl wir auch PowerPoint\u00ae beherrschen).\n Unser Ziel ist es, die Teilnehmer in Bewegung und ins Tun zu bringen - \nman beh\u00e4lt schlie\u00dflich am besten das, was man selbst gemacht hat.<\/p>\n\n\n\n<p><strong>Welche Trainings k\u00f6nnen wir wirklich gut?<\/strong><\/p>\n\n\n\n<p>\u2022 F\u00fchrungskr\u00e4fteentwicklung<\/p>\n\n\n\n<p>\u2022 Erfolgreich Pr\u00e4sentieren (mit Einsatz von Videofeedback)<\/p>\n\n\n\n<p>\u2022 Kommunikation und Konfliktmanagement<\/p>\n\n\n\n<p>\u2022 Kundenorientiert Verkaufen und Verhandeln<\/p>\n\n\n\n<p>\u2022&nbsp;Umsetzungskompetenz und Willenskraft steigern<\/p>\n\n\n\n<p>\u2022 Methodenkompetenz (Zeit-, Priorit\u00e4ten-, Email-, Sitzungs-Management)<\/p>\n\n\n\n<p>&nbsp;\u2022 Burnout - Prophylaxe, Fr\u00fcherkennung, Auswege<\/p>\n\n\n\n<p>Wenn es um den Austausch von Ideen, Diskussion oder \nProbleml\u00f6sung vor einem aktuellen unternehmerischen Hintergrund geht, \nsprechen wir von \u201cWorkshops\u201d. Hier liegt der Fokus noch st\u00e4rker auf \nInteraktion, auf dem \u201cSelber-Machen\u201d. Der Trainer wird zum Moderator und\n steuert entlang von Leitfragen den Austausch, tr\u00e4gt Verantwortung f\u00fcr \nden Prozess und die Ergebnissicherung. Die inhaltliche Arbeit wird von \nden Teilnehmern geleistet.<\/p>\n\n\n\n<p><strong>Welche Workshops k\u00f6nnen wir wirklich gut?<\/strong><\/p>\n\n\n\n<p>\u2022 Strategieworkshops<\/p>\n\n\n\n<p>\u2022&nbsp;Change Management<\/p>\n\n\n\n<p>\u2022&nbsp;Zusammenarbeit an Bereichsschnittstellen<\/p>\n\n\n\n<p>\u2022 Entwicklung einer Team- und Feedbackkultur<\/p>\n\n\n\n<p>\u2022 Portfolioanalyse und -entwicklung<\/p>\n\n\n\n<p>\u2022 Pers\u00f6nlichkeitsentwicklung mit Insights Discovery\u00ae oder mit dem Myers-Briggs-Typenindikator (MBTI\u00ae)<\/p>\n\n\n\n<p><em>Sprechen Sie uns gern an, z. B. wenn Sie wissen  m\u00f6chten, wie viel Tage ein Training \/ Workshop dauern sollte, wie viele  Module in welchem Abstand ein Training ben\u00f6tigt, um eine nachhaltige  Wirkung zu erzielen, welche Teilnehmerzahl sinnvoll ist und mit welcher  Konzeption und Dramaturgie wir an konkrete Projekte heran gehen.<\/em><\/p>","protected":false},"excerpt":{"rendered":"<p>Was verstehen wir unter Training?<\/p>\n<p>Training umfasst die Vermittlung sowie das praktische \u00dcben<br \/>\n \/ Ausprobieren von neuen F\u00e4higkeiten, Verhaltensweisen, Techniken und<br \/>\nMethoden. Dies geschieht in der Regel in einer Gruppe, begleitet von<br \/>\neinem oder mehreren Trainern. Ziel eines Trainings ist die aktive<br \/>\nErweiterung oder Vertiefung von Kompetenzen der Teilnehmer. Dies<br \/>\ngeschieht durch praktische Anwendung und Umsetzung des Gelernten in<br \/>\neiner Lerngruppe (z. B. durch Rollenspiele und Gruppenarbeiten), wobei<br \/>\ndie direkte Erfahrung, das eigene Erleben, dabei helfen, die Inhalte zu<br \/>\nverinnerlichen und nachhaltig im eigenen \u201cVerhaltensrepertoire\u201d zu<br \/>\nverankern. Ein Training war erfolgreich,<\/p>","protected":false},"author":1,"featured_media":0,"parent":0,"menu_order":0,"comment_status":"closed","ping_status":"closed","template":"page-fullwidth.php","meta":{"ghostkit_customizer_options":"","ghostkit_custom_css":"","ghostkit_custom_js_head":"","ghostkit_custom_js_foot":"","ghostkit_typography":"","footnotes":""},"class_list":["post-4645","page","type-page","status-publish","hentry"],"yoast_head":"<!-- This site is optimized with the Yoast SEO plugin v26.3 - https:\/\/yoast.com\/wordpress\/plugins\/seo\/ -->\n<title>Verkaufstraining Dr. Sch\u00e4fer &amp; Partner<\/title>\n<meta name=\"description\" content=\"Professionelles Verkaufstraining \u2714 Praktisch Anwendung \u2714 Umsetzung des Gelernten in Lerngruppen \u2794 Rufen Sie an \ud83d\udcde +49 (0)89 55 89 10 10\" \/>\n<meta name=\"robots\" content=\"index, follow, max-snippet:-1, max-image-preview:large, max-video-preview:-1\" \/>\n<link rel=\"canonical\" href=\"https:\/\/dr-schaefer-partner.de\/en\/training\/\" \/>\n<meta property=\"og:locale\" content=\"en_GB\" \/>\n<meta property=\"og:type\" content=\"article\" \/>\n<meta property=\"og:title\" content=\"Verkaufstraining Dr. Sch\u00e4fer &amp; Partner\" \/>\n<meta property=\"og:description\" content=\"Professionelles Verkaufstraining \u2714 Praktisch Anwendung \u2714 Umsetzung des Gelernten in Lerngruppen \u2794 Rufen Sie an \ud83d\udcde +49 (0)89 55 89 10 10\" \/>\n<meta property=\"og:url\" content=\"https:\/\/dr-schaefer-partner.de\/en\/training\/\" \/>\n<meta property=\"og:site_name\" content=\"dr-schaefer-partner\" \/>\n<meta property=\"article:publisher\" content=\"https:\/\/www.xing.com\/profile\/Chris_Schaefer\/cv\" \/>\n<meta property=\"article:modified_time\" content=\"2022-07-27T14:18:10+00:00\" \/>\n<meta property=\"og:image\" content=\"https:\/\/dr-schaefer-partner.de\/wp-content\/uploads\/2020\/04\/IMG_4812-1024x768.jpg\" \/>\n<meta name=\"twitter:card\" content=\"summary_large_image\" \/>\n<meta name=\"twitter:label1\" content=\"Estimated reading time\" \/>\n\t<meta name=\"twitter:data1\" content=\"4 minutes\" \/>\n<script type=\"application\/ld+json\" class=\"yoast-schema-graph\">{\"@context\":\"https:\/\/schema.org\",\"@graph\":[{\"@type\":\"WebPage\",\"@id\":\"https:\/\/dr-schaefer-partner.de\/training\/\",\"url\":\"https:\/\/dr-schaefer-partner.de\/training\/\",\"name\":\"Verkaufstraining Dr. Sch\u00e4fer & Partner\",\"isPartOf\":{\"@id\":\"https:\/\/dr-schaefer-partner.de\/#website\"},\"primaryImageOfPage\":{\"@id\":\"https:\/\/dr-schaefer-partner.de\/training\/#primaryimage\"},\"image\":{\"@id\":\"https:\/\/dr-schaefer-partner.de\/training\/#primaryimage\"},\"thumbnailUrl\":\"https:\/\/dr-schaefer-partner.de\/wp-content\/uploads\/2020\/04\/IMG_4812-1024x768.jpg\",\"datePublished\":\"2019-12-10T11:28:19+00:00\",\"dateModified\":\"2022-07-27T14:18:10+00:00\",\"description\":\"Professionelles Verkaufstraining \u2714 Praktisch Anwendung \u2714 Umsetzung des Gelernten in Lerngruppen \u2794 Rufen Sie an \ud83d\udcde +49 (0)89 55 89 10 10\",\"breadcrumb\":{\"@id\":\"https:\/\/dr-schaefer-partner.de\/training\/#breadcrumb\"},\"inLanguage\":\"en-GB\",\"potentialAction\":[{\"@type\":\"ReadAction\",\"target\":[\"https:\/\/dr-schaefer-partner.de\/training\/\"]}]},{\"@type\":\"ImageObject\",\"inLanguage\":\"en-GB\",\"@id\":\"https:\/\/dr-schaefer-partner.de\/training\/#primaryimage\",\"url\":\"https:\/\/dr-schaefer-partner.de\/wp-content\/uploads\/2020\/04\/IMG_4812-1024x768.jpg\",\"contentUrl\":\"https:\/\/dr-schaefer-partner.de\/wp-content\/uploads\/2020\/04\/IMG_4812-1024x768.jpg\"},{\"@type\":\"BreadcrumbList\",\"@id\":\"https:\/\/dr-schaefer-partner.de\/training\/#breadcrumb\",\"itemListElement\":[{\"@type\":\"ListItem\",\"position\":1,\"name\":\"Startseite\",\"item\":\"https:\/\/dr-schaefer-partner.de\/\"},{\"@type\":\"ListItem\",\"position\":2,\"name\":\"Training\"}]},{\"@type\":\"WebSite\",\"@id\":\"https:\/\/dr-schaefer-partner.de\/#website\",\"url\":\"https:\/\/dr-schaefer-partner.de\/\",\"name\":\"Verkaufstraining Kaltakquise Preisverhandlung\",\"description\":\"Verkaufstraining Preisverhandlung Kaltakquise F\u00fchrung Insights Discovery\",\"publisher\":{\"@id\":\"https:\/\/dr-schaefer-partner.de\/#organization\"},\"potentialAction\":[{\"@type\":\"SearchAction\",\"target\":{\"@type\":\"EntryPoint\",\"urlTemplate\":\"https:\/\/dr-schaefer-partner.de\/?s={search_term_string}\"},\"query-input\":{\"@type\":\"PropertyValueSpecification\",\"valueRequired\":true,\"valueName\":\"search_term_string\"}}],\"inLanguage\":\"en-GB\"},{\"@type\":\"Organization\",\"@id\":\"https:\/\/dr-schaefer-partner.de\/#organization\",\"name\":\"Dr. Sch\u00e4fer & Partner\",\"url\":\"https:\/\/dr-schaefer-partner.de\/\",\"logo\":{\"@type\":\"ImageObject\",\"inLanguage\":\"en-GB\",\"@id\":\"https:\/\/dr-schaefer-partner.de\/#\/schema\/logo\/image\/\",\"url\":\"https:\/\/dr-schaefer-partner.de\/wp-content\/uploads\/2019\/12\/logo-758px.jpg\",\"contentUrl\":\"https:\/\/dr-schaefer-partner.de\/wp-content\/uploads\/2019\/12\/logo-758px.jpg\",\"width\":758,\"height\":104,\"caption\":\"Dr. Sch\u00e4fer & Partner\"},\"image\":{\"@id\":\"https:\/\/dr-schaefer-partner.de\/#\/schema\/logo\/image\/\"},\"sameAs\":[\"https:\/\/www.xing.com\/profile\/Chris_Schaefer\/cv\",\"https:\/\/www.linkedin.com\/in\/dr-chris-schaefer\/\"]}]}<\/script>\n<!-- \/ Yoast SEO plugin. -->","yoast_head_json":{"title":"Verkaufstraining Dr. Sch\u00e4fer & Partner","description":"Professionelles Verkaufstraining \u2714 Praktisch Anwendung \u2714 Umsetzung des Gelernten in Lerngruppen \u2794 Rufen Sie an \ud83d\udcde +49 (0)89 55 89 10 10","robots":{"index":"index","follow":"follow","max-snippet":"max-snippet:-1","max-image-preview":"max-image-preview:large","max-video-preview":"max-video-preview:-1"},"canonical":"https:\/\/dr-schaefer-partner.de\/en\/training\/","og_locale":"en_GB","og_type":"article","og_title":"Verkaufstraining Dr. Sch\u00e4fer & Partner","og_description":"Professionelles Verkaufstraining \u2714 Praktisch Anwendung \u2714 Umsetzung des Gelernten in Lerngruppen \u2794 Rufen Sie an \ud83d\udcde +49 (0)89 55 89 10 10","og_url":"https:\/\/dr-schaefer-partner.de\/en\/training\/","og_site_name":"dr-schaefer-partner","article_publisher":"https:\/\/www.xing.com\/profile\/Chris_Schaefer\/cv","article_modified_time":"2022-07-27T14:18:10+00:00","og_image":[{"url":"https:\/\/dr-schaefer-partner.de\/wp-content\/uploads\/2020\/04\/IMG_4812-1024x768.jpg","type":"","width":"","height":""}],"twitter_card":"summary_large_image","twitter_misc":{"Estimated reading time":"4 minutes"},"schema":{"@context":"https:\/\/schema.org","@graph":[{"@type":"WebPage","@id":"https:\/\/dr-schaefer-partner.de\/training\/","url":"https:\/\/dr-schaefer-partner.de\/training\/","name":"Verkaufstraining Dr. Sch\u00e4fer & Partner","isPartOf":{"@id":"https:\/\/dr-schaefer-partner.de\/#website"},"primaryImageOfPage":{"@id":"https:\/\/dr-schaefer-partner.de\/training\/#primaryimage"},"image":{"@id":"https:\/\/dr-schaefer-partner.de\/training\/#primaryimage"},"thumbnailUrl":"https:\/\/dr-schaefer-partner.de\/wp-content\/uploads\/2020\/04\/IMG_4812-1024x768.jpg","datePublished":"2019-12-10T11:28:19+00:00","dateModified":"2022-07-27T14:18:10+00:00","description":"Professionelles Verkaufstraining \u2714 Praktisch Anwendung \u2714 Umsetzung des Gelernten in Lerngruppen \u2794 Rufen Sie an \ud83d\udcde +49 (0)89 55 89 10 10","breadcrumb":{"@id":"https:\/\/dr-schaefer-partner.de\/training\/#breadcrumb"},"inLanguage":"en-GB","potentialAction":[{"@type":"ReadAction","target":["https:\/\/dr-schaefer-partner.de\/training\/"]}]},{"@type":"ImageObject","inLanguage":"en-GB","@id":"https:\/\/dr-schaefer-partner.de\/training\/#primaryimage","url":"https:\/\/dr-schaefer-partner.de\/wp-content\/uploads\/2020\/04\/IMG_4812-1024x768.jpg","contentUrl":"https:\/\/dr-schaefer-partner.de\/wp-content\/uploads\/2020\/04\/IMG_4812-1024x768.jpg"},{"@type":"BreadcrumbList","@id":"https:\/\/dr-schaefer-partner.de\/training\/#breadcrumb","itemListElement":[{"@type":"ListItem","position":1,"name":"Startseite","item":"https:\/\/dr-schaefer-partner.de\/"},{"@type":"ListItem","position":2,"name":"Training"}]},{"@type":"WebSite","@id":"https:\/\/dr-schaefer-partner.de\/#website","url":"https:\/\/dr-schaefer-partner.de\/","name":"Verkaufstraining Kaltakquise Preisverhandlung","description":"Verkaufstraining Preisverhandlung Kaltakquise F\u00fchrung Insights Discovery","publisher":{"@id":"https:\/\/dr-schaefer-partner.de\/#organization"},"potentialAction":[{"@type":"SearchAction","target":{"@type":"EntryPoint","urlTemplate":"https:\/\/dr-schaefer-partner.de\/?s={search_term_string}"},"query-input":{"@type":"PropertyValueSpecification","valueRequired":true,"valueName":"search_term_string"}}],"inLanguage":"en-GB"},{"@type":"Organization","@id":"https:\/\/dr-schaefer-partner.de\/#organization","name":"Dr. Sch\u00e4fer & Partner","url":"https:\/\/dr-schaefer-partner.de\/","logo":{"@type":"ImageObject","inLanguage":"en-GB","@id":"https:\/\/dr-schaefer-partner.de\/#\/schema\/logo\/image\/","url":"https:\/\/dr-schaefer-partner.de\/wp-content\/uploads\/2019\/12\/logo-758px.jpg","contentUrl":"https:\/\/dr-schaefer-partner.de\/wp-content\/uploads\/2019\/12\/logo-758px.jpg","width":758,"height":104,"caption":"Dr. Sch\u00e4fer & Partner"},"image":{"@id":"https:\/\/dr-schaefer-partner.de\/#\/schema\/logo\/image\/"},"sameAs":["https:\/\/www.xing.com\/profile\/Chris_Schaefer\/cv","https:\/\/www.linkedin.com\/in\/dr-chris-schaefer\/"]}]}},"_links":{"self":[{"href":"https:\/\/dr-schaefer-partner.de\/en\/wp-json\/wp\/v2\/pages\/4645","targetHints":{"allow":["GET"]}}],"collection":[{"href":"https:\/\/dr-schaefer-partner.de\/en\/wp-json\/wp\/v2\/pages"}],"about":[{"href":"https:\/\/dr-schaefer-partner.de\/en\/wp-json\/wp\/v2\/types\/page"}],"author":[{"embeddable":true,"href":"https:\/\/dr-schaefer-partner.de\/en\/wp-json\/wp\/v2\/users\/1"}],"replies":[{"embeddable":true,"href":"https:\/\/dr-schaefer-partner.de\/en\/wp-json\/wp\/v2\/comments?post=4645"}],"version-history":[{"count":0,"href":"https:\/\/dr-schaefer-partner.de\/en\/wp-json\/wp\/v2\/pages\/4645\/revisions"}],"wp:attachment":[{"href":"https:\/\/dr-schaefer-partner.de\/en\/wp-json\/wp\/v2\/media?parent=4645"}],"curies":[{"name":"wp","href":"https:\/\/api.w.org\/{rel}","templated":true}]}}