{"id":165,"date":"2019-12-06T14:18:00","date_gmt":"2019-12-06T13:18:00","guid":{"rendered":"https:\/\/dr-schaefer-partner.sfw-media.de\/?page_id=165"},"modified":"2025-11-10T18:56:50","modified_gmt":"2025-11-10T17:56:50","slug":"kontakt","status":"publish","type":"page","link":"https:\/\/dr-schaefer-partner.de\/en\/kontakt\/","title":{"rendered":"Contact us now"},"content":{"rendered":"<div style=\"height:20px\" aria-hidden=\"true\" class=\"wp-block-spacer\"><\/div>\n\n\n\n<figure class=\"wp-block-image size-large\"><a href=\"https:\/\/www.google.de\/maps\/place\/Leopoldstra%C3%9Fe+151,+80804+M%C3%BCnchen\/@48.1707293,11.5834969,17z\/data=!3m1!4b1!4m5!3m4!1s0x479e75ca4d9d4343:0x463d5230bf46235!8m2!3d48.1707293!4d11.5856856\"><img loading=\"lazy\" decoding=\"async\" width=\"1024\" height=\"398\" src=\"https:\/\/dr-schaefer-partner.de\/wp-content\/uploads\/2019\/12\/dr-schaefer-partner-ort-lokal-muenchen-kontakt-adresse1-1024x398-1.png\" alt=\"\" class=\"wp-image-4739\" srcset=\"https:\/\/dr-schaefer-partner.de\/wp-content\/uploads\/2019\/12\/dr-schaefer-partner-ort-lokal-muenchen-kontakt-adresse1-1024x398-1.png 1024w, https:\/\/dr-schaefer-partner.de\/wp-content\/uploads\/2019\/12\/dr-schaefer-partner-ort-lokal-muenchen-kontakt-adresse1-1024x398-1-300x117.png 300w, https:\/\/dr-schaefer-partner.de\/wp-content\/uploads\/2019\/12\/dr-schaefer-partner-ort-lokal-muenchen-kontakt-adresse1-1024x398-1-768x299.png 768w\" sizes=\"auto, (max-width: 1024px) 100vw, 1024px\" \/><\/a><\/figure>\n\n\n\n<div style=\"height:30px\" aria-hidden=\"true\" class=\"wp-block-spacer\"><\/div>\n\n\n\n<div class=\"wp-block-columns is-layout-flex wp-container-core-columns-is-layout-9d6595d7 wp-block-columns-is-layout-flex\">\n<div class=\"wp-block-column is-layout-flow wp-block-column-is-layout-flow\" style=\"flex-basis:66.66%\">\n<p><!--StartFragment--><\/p>\n\n\n\n<h3 class=\"wp-block-heading has-text-align-center\">How to find us<\/h3>\n\n\n\n<div class=\"separator short\"><div class=\"separator_line\"><\/div><\/div>\n\n\n\n<p>Unser B\u00fcro am Firmensitz in M\u00fcnchen befindet sich am Parzivalplatz in Schwabing, unweit des zentralen \u00d6PNV-Verkehrsknotens \"M\u00fcnchner Freiheit\".<\/p>\n\n\n\n<p>Da dies ein Anwohner-Parkgebiet ist, empfehlen wir die  Anreise mit \u00f6ffentlichen Verkehrsmitteln. Von der Haltestelle M\u00fcnchner  Freiheit erreichen Sie den Parzivalplatz in 2-3 Minuten mit der Tram 23  oder den Buslinien 140, 141 und 142.<\/p>\n<\/div>\n\n\n\n<div class=\"wp-block-column is-layout-flow wp-block-column-is-layout-flow\" style=\"flex-basis:33.33%\">\n<p><!--StartFragment--><\/p>\n\n\n\n<h3 class=\"wp-block-heading has-text-align-center\">More information<\/h3>\n\n\n\n<div class=\"separator short\"><div class=\"separator_line\"><\/div><\/div>\n\n\n\n<h6 class=\"wp-block-heading\">Office \/ Requests \/ Press<\/h6>\n\n\n\n<p>Dr. Sch\u00e4fer &amp; Partner<br>\nLeopoldstr.&nbsp;151<br>\nD-80804 Munich<br>\nGERMANY<\/p>\n\n\n\n<p>Fon:\u00a0+49 (0)174 7463350<br> Fax:\u00a0+49 (0)89 95 47 63 95<br> info[at]dr-schaefer-partner.de<\/p>\n<\/div>\n<\/div>\n\n\n\n<p>49<\/p>","protected":false},"excerpt":{"rendered":"<div style=\"height:20px\" aria-hidden=\"true\" class=\"wp-block-spacer\"><\/div>\n<figure class=\"wp-block-image size-large\"><a href=\"https:\/\/www.google.de\/maps\/place\/Leopoldstra%C3%9Fe+151,+80804+M%C3%BCnchen\/@48.1707293,11.5834969,17z\/data=!3m1!4b1!4m5!3m4!1s0x479e75ca4d9d4343:0x463d5230bf46235!8m2!3d48.1707293!4d11.5856856\"><img loading=\"lazy\" decoding=\"async\" width=\"1024\" height=\"398\" src=\"https:\/\/dr-schaefer-partner.de\/wp-content\/uploads\/2019\/12\/dr-schaefer-partner-ort-lokal-muenchen-kontakt-adresse1-1024x398-1.png\" alt=\"\" class=\"wp-image-4739\" srcset=\"https:\/\/dr-schaefer-partner.de\/wp-content\/uploads\/2019\/12\/dr-schaefer-partner-ort-lokal-muenchen-kontakt-adresse1-1024x398-1.png 1024w, https:\/\/dr-schaefer-partner.de\/wp-content\/uploads\/2019\/12\/dr-schaefer-partner-ort-lokal-muenchen-kontakt-adresse1-1024x398-1-300x117.png 300w, https:\/\/dr-schaefer-partner.de\/wp-content\/uploads\/2019\/12\/dr-schaefer-partner-ort-lokal-muenchen-kontakt-adresse1-1024x398-1-768x299.png 768w\" sizes=\"auto, (max-width: 1024px) 100vw, 1024px\" \/><\/a><\/figure>\n<div style=\"height:30px\" aria-hidden=\"true\" class=\"wp-block-spacer\"><\/div>\n<div class=\"wp-block-columns is-layout-flex wp-container-core-columns-is-layout-9d6595d7 wp-block-columns-is-layout-flex\">\n<div class=\"wp-block-column is-layout-flow wp-block-column-is-layout-flow\" style=\"flex-basis:66.66%\">\n<p><!--StartFragment--><\/p>\n<h3 class=\"wp-block-heading has-text-align-center\">How to find us<\/h3>\n<div class=\"separator short\">\n<div class=\"separator_line\"><\/div>\n<\/div>\n<p>Unser B\u00fcro am Firmensitz in M\u00fcnchen befindet sich am Parzivalplatz in Schwabing, unweit des zentralen \u00d6PNV-Verkehrsknotens &#8222;M\u00fcnchner Freiheit&#8220;.<\/p>\n<p>Da dies ein Anwohner-Parkgebiet ist, empfehlen wir die  Anreise mit \u00f6ffentlichen Verkehrsmitteln. Von der Haltestelle M\u00fcnchner  Freiheit erreichen Sie den Parzivalplatz in 2-3 Minuten mit der Tram 23  oder den Buslinien 140, 141 und 142.<\/p>\n<\/div>\n<div class=\"wp-block-column is-layout-flow wp-block-column-is-layout-flow\" style=\"flex-basis:33.33%\">\n<p><!--StartFragment--><\/p>\n<h3 class=\"wp-block-heading has-text-align-center\">More information<\/h3>\n<div class=\"separator short\">\n<div class=\"separator_line\"><\/div>\n<\/div>\n<h6 class=\"wp-block-heading\">Office \/ Requests \/ Press<\/h6>\n<p>Dr. Sch\u00e4fer &amp; Partner<br \/>\nLeopoldstr.&nbsp;151<br \/>\nD-80804 Munich<br>\nGERMANY<\/p>\n<p>Fon:\u00a0+49 (0)174 7463350<br \/> Fax:\u00a0+49 (0)89 95 47 63 95<br \/> info[at]dr-schaefer-partner.de<\/p>\n<\/div>\n<\/div>\n<p>49<\/p>","protected":false},"author":1,"featured_media":0,"parent":0,"menu_order":0,"comment_status":"closed","ping_status":"closed","template":"page-fullwidth.php","meta":{"ghostkit_customizer_options":"","ghostkit_custom_css":"","ghostkit_custom_js_head":"","ghostkit_custom_js_foot":"","ghostkit_typography":"","footnotes":""},"class_list":["post-165","page","type-page","status-publish","hentry"],"yoast_head":"<!-- This site is optimized with the Yoast SEO plugin v26.3 - https:\/\/yoast.com\/wordpress\/plugins\/seo\/ -->\n<title>Kontakt - Dr. Sch\u00e4fer &amp; Partner<\/title>\n<meta name=\"description\" content=\"Dr. Sch\u00e4fer &amp; Partner \u2013 Sie finden uns am Parzivalplatz im Norden M\u00fcnchens oder rufen Sie uns an unter \ud83d\udcde +49 (0)89 55 89 10 10\" \/>\n<meta name=\"robots\" content=\"index, follow, max-snippet:-1, max-image-preview:large, max-video-preview:-1\" \/>\n<link rel=\"canonical\" href=\"https:\/\/dr-schaefer-partner.de\/en\/kontakt\/\" \/>\n<meta property=\"og:locale\" content=\"en_GB\" \/>\n<meta property=\"og:type\" content=\"article\" \/>\n<meta property=\"og:title\" content=\"Kontakt - Dr. Sch\u00e4fer &amp; Partner\" \/>\n<meta property=\"og:description\" content=\"Dr. Sch\u00e4fer &amp; Partner \u2013 Sie finden uns am Parzivalplatz im Norden M\u00fcnchens oder rufen Sie uns an unter \ud83d\udcde +49 (0)89 55 89 10 10\" \/>\n<meta property=\"og:url\" content=\"https:\/\/dr-schaefer-partner.de\/en\/kontakt\/\" \/>\n<meta property=\"og:site_name\" content=\"dr-schaefer-partner\" \/>\n<meta property=\"article:publisher\" content=\"https:\/\/www.xing.com\/profile\/Chris_Schaefer\/cv\" \/>\n<meta property=\"article:modified_time\" content=\"2025-11-10T17:56:50+00:00\" \/>\n<meta property=\"og:image\" content=\"https:\/\/dr-schaefer-partner.de\/wp-content\/uploads\/2019\/12\/dr-schaefer-partner-ort-lokal-muenchen-kontakt-adresse1-1024x398-1.png\" \/>\n\t<meta property=\"og:image:width\" content=\"1024\" \/>\n\t<meta property=\"og:image:height\" content=\"398\" \/>\n\t<meta property=\"og:image:type\" content=\"image\/png\" \/>\n<meta name=\"twitter:card\" content=\"summary_large_image\" \/>\n<meta name=\"twitter:label1\" content=\"Estimated reading time\" \/>\n\t<meta name=\"twitter:data1\" content=\"1 minute\" \/>\n<script type=\"application\/ld+json\" class=\"yoast-schema-graph\">{\"@context\":\"https:\/\/schema.org\",\"@graph\":[{\"@type\":\"WebPage\",\"@id\":\"https:\/\/dr-schaefer-partner.de\/kontakt\/\",\"url\":\"https:\/\/dr-schaefer-partner.de\/kontakt\/\",\"name\":\"Kontakt - Dr. Sch\u00e4fer & Partner\",\"isPartOf\":{\"@id\":\"https:\/\/dr-schaefer-partner.de\/#website\"},\"primaryImageOfPage\":{\"@id\":\"https:\/\/dr-schaefer-partner.de\/kontakt\/#primaryimage\"},\"image\":{\"@id\":\"https:\/\/dr-schaefer-partner.de\/kontakt\/#primaryimage\"},\"thumbnailUrl\":\"https:\/\/dr-schaefer-partner.de\/wp-content\/uploads\/2019\/12\/dr-schaefer-partner-ort-lokal-muenchen-kontakt-adresse1-1024x398-1.png\",\"datePublished\":\"2019-12-06T13:18:00+00:00\",\"dateModified\":\"2025-11-10T17:56:50+00:00\",\"description\":\"Dr. Sch\u00e4fer & Partner \u2013 Sie finden uns am Parzivalplatz im Norden M\u00fcnchens oder rufen Sie uns an unter \ud83d\udcde +49 (0)89 55 89 10 10\",\"breadcrumb\":{\"@id\":\"https:\/\/dr-schaefer-partner.de\/kontakt\/#breadcrumb\"},\"inLanguage\":\"en-GB\",\"potentialAction\":[{\"@type\":\"ReadAction\",\"target\":[\"https:\/\/dr-schaefer-partner.de\/kontakt\/\"]}]},{\"@type\":\"ImageObject\",\"inLanguage\":\"en-GB\",\"@id\":\"https:\/\/dr-schaefer-partner.de\/kontakt\/#primaryimage\",\"url\":\"https:\/\/dr-schaefer-partner.de\/wp-content\/uploads\/2019\/12\/dr-schaefer-partner-ort-lokal-muenchen-kontakt-adresse1-1024x398-1.png\",\"contentUrl\":\"https:\/\/dr-schaefer-partner.de\/wp-content\/uploads\/2019\/12\/dr-schaefer-partner-ort-lokal-muenchen-kontakt-adresse1-1024x398-1.png\"},{\"@type\":\"BreadcrumbList\",\"@id\":\"https:\/\/dr-schaefer-partner.de\/kontakt\/#breadcrumb\",\"itemListElement\":[{\"@type\":\"ListItem\",\"position\":1,\"name\":\"Startseite\",\"item\":\"https:\/\/dr-schaefer-partner.de\/\"},{\"@type\":\"ListItem\",\"position\":2,\"name\":\"Kontakt\"}]},{\"@type\":\"WebSite\",\"@id\":\"https:\/\/dr-schaefer-partner.de\/#website\",\"url\":\"https:\/\/dr-schaefer-partner.de\/\",\"name\":\"Verkaufstraining Kaltakquise Preisverhandlung\",\"description\":\"Verkaufstraining Preisverhandlung Kaltakquise F\u00fchrung Insights Discovery\",\"publisher\":{\"@id\":\"https:\/\/dr-schaefer-partner.de\/#organization\"},\"potentialAction\":[{\"@type\":\"SearchAction\",\"target\":{\"@type\":\"EntryPoint\",\"urlTemplate\":\"https:\/\/dr-schaefer-partner.de\/?s={search_term_string}\"},\"query-input\":{\"@type\":\"PropertyValueSpecification\",\"valueRequired\":true,\"valueName\":\"search_term_string\"}}],\"inLanguage\":\"en-GB\"},{\"@type\":\"Organization\",\"@id\":\"https:\/\/dr-schaefer-partner.de\/#organization\",\"name\":\"Dr. Sch\u00e4fer & Partner\",\"url\":\"https:\/\/dr-schaefer-partner.de\/\",\"logo\":{\"@type\":\"ImageObject\",\"inLanguage\":\"en-GB\",\"@id\":\"https:\/\/dr-schaefer-partner.de\/#\/schema\/logo\/image\/\",\"url\":\"https:\/\/dr-schaefer-partner.de\/wp-content\/uploads\/2019\/12\/logo-758px.jpg\",\"contentUrl\":\"https:\/\/dr-schaefer-partner.de\/wp-content\/uploads\/2019\/12\/logo-758px.jpg\",\"width\":758,\"height\":104,\"caption\":\"Dr. Sch\u00e4fer & Partner\"},\"image\":{\"@id\":\"https:\/\/dr-schaefer-partner.de\/#\/schema\/logo\/image\/\"},\"sameAs\":[\"https:\/\/www.xing.com\/profile\/Chris_Schaefer\/cv\",\"https:\/\/www.linkedin.com\/in\/dr-chris-schaefer\/\"]}]}<\/script>\n<!-- \/ Yoast SEO plugin. -->","yoast_head_json":{"title":"Kontakt - Dr. Sch\u00e4fer & Partner","description":"Dr. Sch\u00e4fer & Partner \u2013 Sie finden uns am Parzivalplatz im Norden M\u00fcnchens oder rufen Sie uns an unter \ud83d\udcde +49 (0)89 55 89 10 10","robots":{"index":"index","follow":"follow","max-snippet":"max-snippet:-1","max-image-preview":"max-image-preview:large","max-video-preview":"max-video-preview:-1"},"canonical":"https:\/\/dr-schaefer-partner.de\/en\/kontakt\/","og_locale":"en_GB","og_type":"article","og_title":"Kontakt - Dr. Sch\u00e4fer & Partner","og_description":"Dr. Sch\u00e4fer & Partner \u2013 Sie finden uns am Parzivalplatz im Norden M\u00fcnchens oder rufen Sie uns an unter \ud83d\udcde +49 (0)89 55 89 10 10","og_url":"https:\/\/dr-schaefer-partner.de\/en\/kontakt\/","og_site_name":"dr-schaefer-partner","article_publisher":"https:\/\/www.xing.com\/profile\/Chris_Schaefer\/cv","article_modified_time":"2025-11-10T17:56:50+00:00","og_image":[{"width":1024,"height":398,"url":"https:\/\/dr-schaefer-partner.de\/wp-content\/uploads\/2019\/12\/dr-schaefer-partner-ort-lokal-muenchen-kontakt-adresse1-1024x398-1.png","type":"image\/png"}],"twitter_card":"summary_large_image","twitter_misc":{"Estimated reading time":"1 minute"},"schema":{"@context":"https:\/\/schema.org","@graph":[{"@type":"WebPage","@id":"https:\/\/dr-schaefer-partner.de\/kontakt\/","url":"https:\/\/dr-schaefer-partner.de\/kontakt\/","name":"Kontakt - Dr. Sch\u00e4fer & Partner","isPartOf":{"@id":"https:\/\/dr-schaefer-partner.de\/#website"},"primaryImageOfPage":{"@id":"https:\/\/dr-schaefer-partner.de\/kontakt\/#primaryimage"},"image":{"@id":"https:\/\/dr-schaefer-partner.de\/kontakt\/#primaryimage"},"thumbnailUrl":"https:\/\/dr-schaefer-partner.de\/wp-content\/uploads\/2019\/12\/dr-schaefer-partner-ort-lokal-muenchen-kontakt-adresse1-1024x398-1.png","datePublished":"2019-12-06T13:18:00+00:00","dateModified":"2025-11-10T17:56:50+00:00","description":"Dr. Sch\u00e4fer & Partner \u2013 Sie finden uns am Parzivalplatz im Norden M\u00fcnchens oder rufen Sie uns an unter \ud83d\udcde +49 (0)89 55 89 10 10","breadcrumb":{"@id":"https:\/\/dr-schaefer-partner.de\/kontakt\/#breadcrumb"},"inLanguage":"en-GB","potentialAction":[{"@type":"ReadAction","target":["https:\/\/dr-schaefer-partner.de\/kontakt\/"]}]},{"@type":"ImageObject","inLanguage":"en-GB","@id":"https:\/\/dr-schaefer-partner.de\/kontakt\/#primaryimage","url":"https:\/\/dr-schaefer-partner.de\/wp-content\/uploads\/2019\/12\/dr-schaefer-partner-ort-lokal-muenchen-kontakt-adresse1-1024x398-1.png","contentUrl":"https:\/\/dr-schaefer-partner.de\/wp-content\/uploads\/2019\/12\/dr-schaefer-partner-ort-lokal-muenchen-kontakt-adresse1-1024x398-1.png"},{"@type":"BreadcrumbList","@id":"https:\/\/dr-schaefer-partner.de\/kontakt\/#breadcrumb","itemListElement":[{"@type":"ListItem","position":1,"name":"Startseite","item":"https:\/\/dr-schaefer-partner.de\/"},{"@type":"ListItem","position":2,"name":"Kontakt"}]},{"@type":"WebSite","@id":"https:\/\/dr-schaefer-partner.de\/#website","url":"https:\/\/dr-schaefer-partner.de\/","name":"Verkaufstraining Kaltakquise Preisverhandlung","description":"Verkaufstraining Preisverhandlung Kaltakquise F\u00fchrung Insights Discovery","publisher":{"@id":"https:\/\/dr-schaefer-partner.de\/#organization"},"potentialAction":[{"@type":"SearchAction","target":{"@type":"EntryPoint","urlTemplate":"https:\/\/dr-schaefer-partner.de\/?s={search_term_string}"},"query-input":{"@type":"PropertyValueSpecification","valueRequired":true,"valueName":"search_term_string"}}],"inLanguage":"en-GB"},{"@type":"Organization","@id":"https:\/\/dr-schaefer-partner.de\/#organization","name":"Dr. Sch\u00e4fer & Partner","url":"https:\/\/dr-schaefer-partner.de\/","logo":{"@type":"ImageObject","inLanguage":"en-GB","@id":"https:\/\/dr-schaefer-partner.de\/#\/schema\/logo\/image\/","url":"https:\/\/dr-schaefer-partner.de\/wp-content\/uploads\/2019\/12\/logo-758px.jpg","contentUrl":"https:\/\/dr-schaefer-partner.de\/wp-content\/uploads\/2019\/12\/logo-758px.jpg","width":758,"height":104,"caption":"Dr. Sch\u00e4fer & Partner"},"image":{"@id":"https:\/\/dr-schaefer-partner.de\/#\/schema\/logo\/image\/"},"sameAs":["https:\/\/www.xing.com\/profile\/Chris_Schaefer\/cv","https:\/\/www.linkedin.com\/in\/dr-chris-schaefer\/"]}]}},"_links":{"self":[{"href":"https:\/\/dr-schaefer-partner.de\/en\/wp-json\/wp\/v2\/pages\/165","targetHints":{"allow":["GET"]}}],"collection":[{"href":"https:\/\/dr-schaefer-partner.de\/en\/wp-json\/wp\/v2\/pages"}],"about":[{"href":"https:\/\/dr-schaefer-partner.de\/en\/wp-json\/wp\/v2\/types\/page"}],"author":[{"embeddable":true,"href":"https:\/\/dr-schaefer-partner.de\/en\/wp-json\/wp\/v2\/users\/1"}],"replies":[{"embeddable":true,"href":"https:\/\/dr-schaefer-partner.de\/en\/wp-json\/wp\/v2\/comments?post=165"}],"version-history":[{"count":0,"href":"https:\/\/dr-schaefer-partner.de\/en\/wp-json\/wp\/v2\/pages\/165\/revisions"}],"wp:attachment":[{"href":"https:\/\/dr-schaefer-partner.de\/en\/wp-json\/wp\/v2\/media?parent=165"}],"curies":[{"name":"wp","href":"https:\/\/api.w.org\/{rel}","templated":true}]}}