{"id":158,"date":"2019-12-06T14:13:29","date_gmt":"2019-12-06T13:13:29","guid":{"rendered":"https:\/\/dr-schaefer-partner.sfw-media.de\/?page_id=158"},"modified":"2022-08-09T08:11:38","modified_gmt":"2022-08-09T06:11:38","slug":"referenzen","status":"publish","type":"page","link":"https:\/\/dr-schaefer-partner.de\/en\/referenzen\/","title":{"rendered":"Credentials"},"content":{"rendered":"<div style=\"height:20px\" aria-hidden=\"true\" class=\"wp-block-spacer\"><\/div>\n\n\n\n<p>Asking for credentials is an important instrument for prospects and new clients to select the appropriate service provider from the huge variety of suppliers on the market. Credentials can prove that a given supplier has experience in a specific industry, was able to master comparable challenges in the past and develop and realise adequate solutions in similar situations.<\/p>\n\n\n\n<p>Wenngleich eine Referenz hilft, den Stand des  technischen bzw. organisatorischen Wissens eines Dienstleisters zu  beurteilen, kann \u00fcber die \"Passgenauigkeit\" auf der zwischenmenschlichen  Ebene nat\u00fcrlich wenig abgeleitet werden.<\/p>\n\n\n\n<p>Wir sind sowohl f\u00fcr kleine  und mittelst\u00e4ndische Unternehmen als auch f\u00fcr multinationale Konzerne im  In- und Ausland t\u00e4tig. Unsere Klienten stammen aus einer  Vielzahl von Branchen, u. a. aus der Industrie (z. B. Pharma, Chemie,  Medizintechnik, Biotech, Automobil \/ Automotive, IT, Energie), aus  Transport &amp; Logistik, Bau- und Ingenieurdienstleistungen, bis hin  zu Handel, Bildung, Krankenh\u00e4usern und Non-Profit-Organisationen.<\/p>\n\n\n\n<p>Eine \u00dcbersicht \u00fcber unsere bisher unterst\u00fctzten Klienten finden Sie in der nachstehenden Grafik:<\/p>\n\n\n\n<figure class=\"wp-block-image size-large\"><img loading=\"lazy\" decoding=\"async\" width=\"1024\" height=\"573\" src=\"https:\/\/dr-schaefer-partner.de\/wp-content\/uploads\/2020\/06\/Referenzen_Logos-1024x573.jpg\" alt=\"\" class=\"wp-image-4958\" srcset=\"https:\/\/dr-schaefer-partner.de\/wp-content\/uploads\/2020\/06\/Referenzen_Logos-1024x573.jpg 1024w, https:\/\/dr-schaefer-partner.de\/wp-content\/uploads\/2020\/06\/Referenzen_Logos-300x168.jpg 300w, https:\/\/dr-schaefer-partner.de\/wp-content\/uploads\/2020\/06\/Referenzen_Logos-768x430.jpg 768w, https:\/\/dr-schaefer-partner.de\/wp-content\/uploads\/2020\/06\/Referenzen_Logos-1536x860.jpg 1536w, https:\/\/dr-schaefer-partner.de\/wp-content\/uploads\/2020\/06\/Referenzen_Logos.jpg 1952w\" sizes=\"auto, (max-width: 1024px) 100vw, 1024px\" \/><\/figure>\n\n\n\n\n\n\n\n<p> <br>Wir bitten um Ihr Verst\u00e4ndnis, dass an dieser Stelle \u2013 auch aus Gr\u00fcnden der Vertraulichkeit \u2013 keine Referenzen im Detail zug\u00e4nglich gemacht werden k\u00f6nnen. Dies fordern auch die Berufsgrunds\u00e4tze unseres Berufsverbandes, des <em>Bundesverbandes Deutscher Unternehmensberater, BDU e. V.<\/em>, denen wir uns als ordentliches Mitglied verpflichtet f\u00fchlen. <br><br>Gerne nennen wir Ihnen in einem pers\u00f6nlichen Gespr\u00e4ch  geeignete Ansprechpartner unserer Klienten bzw.  Referenzprojekte aus Ihrer Branche. Sie erhalten bei dieser Gelegenheit  gleichzeitig einen pers\u00f6nlichen Eindruck von einem unserer Mitarbeiter \u2013  gewisserma\u00dfen eine Kostprobe unserer Umgangsformen \u2013 und damit einen  ersten konkreten Anhaltspunkt dazu, ob die \u201eChemie\u201c mit Ihrem neuen  Partner stimmen k\u00f6nnte.<\/p>\n\n\n\n\n\n\n\n<p>Nachstehend finden Sie beispielhaft ein Testimonial eines langj\u00e4hrigen Klienten:<\/p>\n\n\n\n<p><strong>On this occasion you will also be able to get a first impression of the appearance and manner of our team member - a first appetizer of our communication skills - and thus a first concrete idea on whether there is \"good chemistry\" between you and your new business partner. \n\nPlease just approach us via the contact section.<\/strong><\/p>\n\n\n\n<p>\"Herr Dr. Sch\u00e4fer hat uns bei der Neuausrichtung unserer \nVerkaufsorganisation im Rahmen der Akquisition eines ehemals \nfamiliengef\u00fchrten Unternehmens in ein global agierendes Unternehmen \nkonstruktiv unterst\u00fctzt . Seine Trainings mit unseren regionalen \nVerkaufsteams sowie das Einzelcoaching einzelner Kollegen hat einen \nma\u00dfgeblichen Beitrag dazu beigetragen, dass unsere Firma vom Rang 8 im \ndeutschen Markt auf Rang 5 profitabel gewachsen ist. Besonders \nbemerkenswert ist die Tatsache, dass Dr. Sch\u00e4fer, obwohl branchenfremd, \nvon der Verkaufsmannschaft sehr schnell akzeptiert wurde und damit die \nBasis f\u00fcr die konstruktiven Trainingsma\u00dfnahmen schuf.\"<br><em>(Martin Petersen, ehem. CEO eines global t\u00e4tigen Pflanzenschutz-Konzerns)<\/em><\/p>","protected":false},"excerpt":{"rendered":"<p>Das Anfordern von Referenzen ist ein wichtiges<br \/>\nInstrument f\u00fcr einen potenziellen Neukunden, um aus der F\u00fclle der<br \/>\nAnbieter den richtigen Dienstleister herauszufiltern. Durch eine<br \/>\nReferenz kann nachgewiesen werden, dass bereits f\u00fcr \u00e4hnliche oder gar<br \/>\ngleiche Probleme funktionsf\u00e4hige und effiziente L\u00f6sungen gefunden und<br \/>\nrealisiert wurden.<\/p>\n<p>Wenngleich eine Referenz hilft, den Stand des  technischen bzw. organisatorischen Wissens eines Dienstleisters zu  beurteilen, kann \u00fcber die &#8222;Passgenauigkeit&#8220; auf der zwischenmenschlichen  Ebene nat\u00fcrlich wenig abgeleitet werden.<\/p>\n<p>Wir sind sowohl f\u00fcr kleine  und mittelst\u00e4ndische Unternehmen als auch f\u00fcr multinationale Konzerne im  In- und<\/p>","protected":false},"author":1,"featured_media":0,"parent":0,"menu_order":0,"comment_status":"closed","ping_status":"closed","template":"page-fullwidth.php","meta":{"ghostkit_customizer_options":"","ghostkit_custom_css":"","ghostkit_custom_js_head":"","ghostkit_custom_js_foot":"","ghostkit_typography":"","footnotes":""},"class_list":["post-158","page","type-page","status-publish","hentry"],"yoast_head":"<!-- This site is optimized with the Yoast SEO plugin v26.3 - https:\/\/yoast.com\/wordpress\/plugins\/seo\/ -->\n<title>Referenzen - Messbare Ergebnisverbesserung nach Vertriebsentwicklung<\/title>\n<meta name=\"description\" content=\"Klienten aus den unterschiedlichsten Branchen \u2714 KMU \u2714 multinationalen Konzernen im In- und Ausland \u2794 Jetzt anrufen +49 (0)89 55 89 10 10\" \/>\n<meta name=\"robots\" content=\"index, follow, max-snippet:-1, max-image-preview:large, max-video-preview:-1\" \/>\n<link rel=\"canonical\" href=\"https:\/\/dr-schaefer-partner.de\/en\/referenzen\/\" \/>\n<meta property=\"og:locale\" content=\"en_GB\" \/>\n<meta property=\"og:type\" content=\"article\" \/>\n<meta property=\"og:title\" content=\"Referenzen - Messbare Ergebnisverbesserung nach Vertriebsentwicklung\" \/>\n<meta property=\"og:description\" content=\"Klienten aus den unterschiedlichsten Branchen \u2714 KMU \u2714 multinationalen Konzernen im In- und Ausland \u2794 Jetzt anrufen +49 (0)89 55 89 10 10\" \/>\n<meta property=\"og:url\" content=\"https:\/\/dr-schaefer-partner.de\/en\/referenzen\/\" \/>\n<meta property=\"og:site_name\" content=\"dr-schaefer-partner\" \/>\n<meta property=\"article:publisher\" content=\"https:\/\/www.xing.com\/profile\/Chris_Schaefer\/cv\" \/>\n<meta property=\"article:modified_time\" content=\"2022-08-09T06:11:38+00:00\" \/>\n<meta property=\"og:image\" content=\"https:\/\/dr-schaefer-partner.de\/wp-content\/uploads\/2020\/06\/Referenzen_Logos-1024x573.jpg\" \/>\n<meta name=\"twitter:card\" content=\"summary_large_image\" \/>\n<meta name=\"twitter:label1\" content=\"Estimated reading time\" \/>\n\t<meta name=\"twitter:data1\" content=\"3 minutes\" \/>\n<script type=\"application\/ld+json\" class=\"yoast-schema-graph\">{\"@context\":\"https:\/\/schema.org\",\"@graph\":[{\"@type\":\"WebPage\",\"@id\":\"https:\/\/dr-schaefer-partner.de\/referenzen\/\",\"url\":\"https:\/\/dr-schaefer-partner.de\/referenzen\/\",\"name\":\"Referenzen - Messbare Ergebnisverbesserung nach Vertriebsentwicklung\",\"isPartOf\":{\"@id\":\"https:\/\/dr-schaefer-partner.de\/#website\"},\"primaryImageOfPage\":{\"@id\":\"https:\/\/dr-schaefer-partner.de\/referenzen\/#primaryimage\"},\"image\":{\"@id\":\"https:\/\/dr-schaefer-partner.de\/referenzen\/#primaryimage\"},\"thumbnailUrl\":\"https:\/\/dr-schaefer-partner.de\/wp-content\/uploads\/2020\/06\/Referenzen_Logos-1024x573.jpg\",\"datePublished\":\"2019-12-06T13:13:29+00:00\",\"dateModified\":\"2022-08-09T06:11:38+00:00\",\"description\":\"Klienten aus den unterschiedlichsten Branchen \u2714 KMU \u2714 multinationalen Konzernen im In- und Ausland \u2794 Jetzt anrufen +49 (0)89 55 89 10 10\",\"breadcrumb\":{\"@id\":\"https:\/\/dr-schaefer-partner.de\/referenzen\/#breadcrumb\"},\"inLanguage\":\"en-GB\",\"potentialAction\":[{\"@type\":\"ReadAction\",\"target\":[\"https:\/\/dr-schaefer-partner.de\/referenzen\/\"]}]},{\"@type\":\"ImageObject\",\"inLanguage\":\"en-GB\",\"@id\":\"https:\/\/dr-schaefer-partner.de\/referenzen\/#primaryimage\",\"url\":\"https:\/\/dr-schaefer-partner.de\/wp-content\/uploads\/2020\/06\/Referenzen_Logos-1024x573.jpg\",\"contentUrl\":\"https:\/\/dr-schaefer-partner.de\/wp-content\/uploads\/2020\/06\/Referenzen_Logos-1024x573.jpg\"},{\"@type\":\"BreadcrumbList\",\"@id\":\"https:\/\/dr-schaefer-partner.de\/referenzen\/#breadcrumb\",\"itemListElement\":[{\"@type\":\"ListItem\",\"position\":1,\"name\":\"Startseite\",\"item\":\"https:\/\/dr-schaefer-partner.de\/\"},{\"@type\":\"ListItem\",\"position\":2,\"name\":\"Referenzen\"}]},{\"@type\":\"WebSite\",\"@id\":\"https:\/\/dr-schaefer-partner.de\/#website\",\"url\":\"https:\/\/dr-schaefer-partner.de\/\",\"name\":\"Verkaufstraining Kaltakquise Preisverhandlung\",\"description\":\"Verkaufstraining Preisverhandlung Kaltakquise F\u00fchrung Insights Discovery\",\"publisher\":{\"@id\":\"https:\/\/dr-schaefer-partner.de\/#organization\"},\"potentialAction\":[{\"@type\":\"SearchAction\",\"target\":{\"@type\":\"EntryPoint\",\"urlTemplate\":\"https:\/\/dr-schaefer-partner.de\/?s={search_term_string}\"},\"query-input\":{\"@type\":\"PropertyValueSpecification\",\"valueRequired\":true,\"valueName\":\"search_term_string\"}}],\"inLanguage\":\"en-GB\"},{\"@type\":\"Organization\",\"@id\":\"https:\/\/dr-schaefer-partner.de\/#organization\",\"name\":\"Dr. Sch\u00e4fer & Partner\",\"url\":\"https:\/\/dr-schaefer-partner.de\/\",\"logo\":{\"@type\":\"ImageObject\",\"inLanguage\":\"en-GB\",\"@id\":\"https:\/\/dr-schaefer-partner.de\/#\/schema\/logo\/image\/\",\"url\":\"https:\/\/dr-schaefer-partner.de\/wp-content\/uploads\/2019\/12\/logo-758px.jpg\",\"contentUrl\":\"https:\/\/dr-schaefer-partner.de\/wp-content\/uploads\/2019\/12\/logo-758px.jpg\",\"width\":758,\"height\":104,\"caption\":\"Dr. Sch\u00e4fer & Partner\"},\"image\":{\"@id\":\"https:\/\/dr-schaefer-partner.de\/#\/schema\/logo\/image\/\"},\"sameAs\":[\"https:\/\/www.xing.com\/profile\/Chris_Schaefer\/cv\",\"https:\/\/www.linkedin.com\/in\/dr-chris-schaefer\/\"]}]}<\/script>\n<!-- \/ Yoast SEO plugin. -->","yoast_head_json":{"title":"Referenzen - Messbare Ergebnisverbesserung nach Vertriebsentwicklung","description":"Klienten aus den unterschiedlichsten Branchen \u2714 KMU \u2714 multinationalen Konzernen im In- und Ausland \u2794 Jetzt anrufen +49 (0)89 55 89 10 10","robots":{"index":"index","follow":"follow","max-snippet":"max-snippet:-1","max-image-preview":"max-image-preview:large","max-video-preview":"max-video-preview:-1"},"canonical":"https:\/\/dr-schaefer-partner.de\/en\/referenzen\/","og_locale":"en_GB","og_type":"article","og_title":"Referenzen - Messbare Ergebnisverbesserung nach Vertriebsentwicklung","og_description":"Klienten aus den unterschiedlichsten Branchen \u2714 KMU \u2714 multinationalen Konzernen im In- und Ausland \u2794 Jetzt anrufen +49 (0)89 55 89 10 10","og_url":"https:\/\/dr-schaefer-partner.de\/en\/referenzen\/","og_site_name":"dr-schaefer-partner","article_publisher":"https:\/\/www.xing.com\/profile\/Chris_Schaefer\/cv","article_modified_time":"2022-08-09T06:11:38+00:00","og_image":[{"url":"https:\/\/dr-schaefer-partner.de\/wp-content\/uploads\/2020\/06\/Referenzen_Logos-1024x573.jpg","type":"","width":"","height":""}],"twitter_card":"summary_large_image","twitter_misc":{"Estimated reading time":"3 minutes"},"schema":{"@context":"https:\/\/schema.org","@graph":[{"@type":"WebPage","@id":"https:\/\/dr-schaefer-partner.de\/referenzen\/","url":"https:\/\/dr-schaefer-partner.de\/referenzen\/","name":"Referenzen - Messbare Ergebnisverbesserung nach Vertriebsentwicklung","isPartOf":{"@id":"https:\/\/dr-schaefer-partner.de\/#website"},"primaryImageOfPage":{"@id":"https:\/\/dr-schaefer-partner.de\/referenzen\/#primaryimage"},"image":{"@id":"https:\/\/dr-schaefer-partner.de\/referenzen\/#primaryimage"},"thumbnailUrl":"https:\/\/dr-schaefer-partner.de\/wp-content\/uploads\/2020\/06\/Referenzen_Logos-1024x573.jpg","datePublished":"2019-12-06T13:13:29+00:00","dateModified":"2022-08-09T06:11:38+00:00","description":"Klienten aus den unterschiedlichsten Branchen \u2714 KMU \u2714 multinationalen Konzernen im In- und Ausland \u2794 Jetzt anrufen +49 (0)89 55 89 10 10","breadcrumb":{"@id":"https:\/\/dr-schaefer-partner.de\/referenzen\/#breadcrumb"},"inLanguage":"en-GB","potentialAction":[{"@type":"ReadAction","target":["https:\/\/dr-schaefer-partner.de\/referenzen\/"]}]},{"@type":"ImageObject","inLanguage":"en-GB","@id":"https:\/\/dr-schaefer-partner.de\/referenzen\/#primaryimage","url":"https:\/\/dr-schaefer-partner.de\/wp-content\/uploads\/2020\/06\/Referenzen_Logos-1024x573.jpg","contentUrl":"https:\/\/dr-schaefer-partner.de\/wp-content\/uploads\/2020\/06\/Referenzen_Logos-1024x573.jpg"},{"@type":"BreadcrumbList","@id":"https:\/\/dr-schaefer-partner.de\/referenzen\/#breadcrumb","itemListElement":[{"@type":"ListItem","position":1,"name":"Startseite","item":"https:\/\/dr-schaefer-partner.de\/"},{"@type":"ListItem","position":2,"name":"Referenzen"}]},{"@type":"WebSite","@id":"https:\/\/dr-schaefer-partner.de\/#website","url":"https:\/\/dr-schaefer-partner.de\/","name":"Verkaufstraining Kaltakquise Preisverhandlung","description":"Verkaufstraining Preisverhandlung Kaltakquise F\u00fchrung Insights Discovery","publisher":{"@id":"https:\/\/dr-schaefer-partner.de\/#organization"},"potentialAction":[{"@type":"SearchAction","target":{"@type":"EntryPoint","urlTemplate":"https:\/\/dr-schaefer-partner.de\/?s={search_term_string}"},"query-input":{"@type":"PropertyValueSpecification","valueRequired":true,"valueName":"search_term_string"}}],"inLanguage":"en-GB"},{"@type":"Organization","@id":"https:\/\/dr-schaefer-partner.de\/#organization","name":"Dr. Sch\u00e4fer & Partner","url":"https:\/\/dr-schaefer-partner.de\/","logo":{"@type":"ImageObject","inLanguage":"en-GB","@id":"https:\/\/dr-schaefer-partner.de\/#\/schema\/logo\/image\/","url":"https:\/\/dr-schaefer-partner.de\/wp-content\/uploads\/2019\/12\/logo-758px.jpg","contentUrl":"https:\/\/dr-schaefer-partner.de\/wp-content\/uploads\/2019\/12\/logo-758px.jpg","width":758,"height":104,"caption":"Dr. Sch\u00e4fer & Partner"},"image":{"@id":"https:\/\/dr-schaefer-partner.de\/#\/schema\/logo\/image\/"},"sameAs":["https:\/\/www.xing.com\/profile\/Chris_Schaefer\/cv","https:\/\/www.linkedin.com\/in\/dr-chris-schaefer\/"]}]}},"_links":{"self":[{"href":"https:\/\/dr-schaefer-partner.de\/en\/wp-json\/wp\/v2\/pages\/158","targetHints":{"allow":["GET"]}}],"collection":[{"href":"https:\/\/dr-schaefer-partner.de\/en\/wp-json\/wp\/v2\/pages"}],"about":[{"href":"https:\/\/dr-schaefer-partner.de\/en\/wp-json\/wp\/v2\/types\/page"}],"author":[{"embeddable":true,"href":"https:\/\/dr-schaefer-partner.de\/en\/wp-json\/wp\/v2\/users\/1"}],"replies":[{"embeddable":true,"href":"https:\/\/dr-schaefer-partner.de\/en\/wp-json\/wp\/v2\/comments?post=158"}],"version-history":[{"count":0,"href":"https:\/\/dr-schaefer-partner.de\/en\/wp-json\/wp\/v2\/pages\/158\/revisions"}],"wp:attachment":[{"href":"https:\/\/dr-schaefer-partner.de\/en\/wp-json\/wp\/v2\/media?parent=158"}],"curies":[{"name":"wp","href":"https:\/\/api.w.org\/{rel}","templated":true}]}}