{"id":125,"date":"2019-12-06T13:36:31","date_gmt":"2019-12-06T12:36:31","guid":{"rendered":"https:\/\/dr-schaefer-partner.sfw-media.de\/?page_id=125"},"modified":"2022-08-09T08:03:39","modified_gmt":"2022-08-09T06:03:39","slug":"ueber-uns","status":"publish","type":"page","link":"https:\/\/dr-schaefer-partner.de\/en\/ueber-uns\/","title":{"rendered":"About us"},"content":{"rendered":"<div class=\"wp-block-columns is-layout-flex wp-container-core-columns-is-layout-9d6595d7 wp-block-columns-is-layout-flex\">\n<div class=\"wp-block-column is-layout-flow wp-block-column-is-layout-flow\">\n<div style=\"height:20px\" aria-hidden=\"true\" class=\"wp-block-spacer\"><\/div>\n\n\n\n<figure class=\"wp-block-image size-large ghostkit-custom-pq4mr\"><img loading=\"lazy\" decoding=\"async\" width=\"300\" height=\"208\" src=\"https:\/\/dr-schaefer-partner.de\/wp-content\/uploads\/2019\/12\/Dreieck_Orga_Mensch_Prozess-300x208-1.jpg\" alt=\"\" class=\"wp-image-4732\"\/><\/figure>\n<\/div>\n\n\n\n<div class=\"wp-block-column is-layout-flow wp-block-column-is-layout-flow\">\n<div style=\"height:20px\" aria-hidden=\"true\" class=\"wp-block-spacer\"><\/div>\n\n\n\n<h3 class=\"wp-block-heading\">Welcome to Dr. Sch\u00e4fer &amp; Partner<\/h3>\n\n\n\n<div class=\"separator short\"><div class=\"separator_line\"><\/div><\/div>\n\n\n\n<p>Dr. Sch\u00e4fer &amp; Partner ist ein  weltweit t\u00e4tiges Trainings- und Beratungsunternehmen mit Schwerpunkt  auf den Gebieten Strategie, F\u00fchrung, Vertrieb und Kommunikation.<\/p>\n\n\n\n<p>Wir beraten Menschen und Organisationen  und begleiten Unter-nehmensentwicklung auf der Basis zeitgem\u00e4\u00dfer,  wissenschaftlich abgesicherter Methoden. Im Mittelpunkt unseres Handelns  steht dabei stets die Ganzheitlichkeit, also die Betrachtung des  Gesamtsystems.<\/p>\n<\/div>\n<\/div>\n\n\n\n<div style=\"height:30px\" aria-hidden=\"true\" class=\"wp-block-spacer\"><\/div>\n\n\n\n<hr class=\"wp-block-separator\"\/>\n\n\n\n<div style=\"height:30px\" aria-hidden=\"true\" class=\"wp-block-spacer\"><\/div>\n\n\n\n<div class=\"wp-block-columns is-layout-flex wp-container-core-columns-is-layout-9d6595d7 wp-block-columns-is-layout-flex\">\n<div class=\"wp-block-column is-layout-flow wp-block-column-is-layout-flow\">\n<h2 class=\"has-text-align-center wp-block-heading\">Coaching<\/h2>\n\n\n\n<p class=\"has-text-align-center\">Coaching is characterised by intimacy and trust and aims at clarifying a concern or issue in the business context of the coachee in view of the corresponding organanisational environment.<\/p>\n\n\n\n<div class=\"ghostkit-button-wrapper ghostkit-button-wrapper-gap-md\"><div class=\"ghostkit-button-wrapper-inner\">\n<a class=\"ghostkit-button ghostkit-button-md ghostkit-custom-ZV6y9h\" href=\"\/en\/coaching\/\"><span class=\"ghostkit-button-text\">More<\/span><\/a>\n<\/div><\/div>\n<\/div>\n\n\n\n<div class=\"wp-block-column is-layout-flow wp-block-column-is-layout-flow\">\n<h2 class=\"has-text-align-center wp-block-heading\">Training<\/h2>\n\n\n\n<p class=\"has-text-align-center\">Training is typically a group activity aiming at imparting knowledge and skills by involving participants in practical exercises, followed by reflection and feedback. By trying out new behaviors and techniques the individual can develop alternative approaches that can be helpful in business and private situations.<\/p>\n\n\n\n<div class=\"ghostkit-button-wrapper ghostkit-button-wrapper-gap-md\"><div class=\"ghostkit-button-wrapper-inner\">\n<a class=\"ghostkit-button ghostkit-button-md ghostkit-custom-ZyD2Yk\" href=\"\/en\/training\/\"><span class=\"ghostkit-button-text\">More<\/span><\/a>\n<\/div><\/div>\n<\/div>\n\n\n\n<div class=\"wp-block-column is-layout-flow wp-block-column-is-layout-flow\">\n<h2 class=\"has-text-align-center wp-block-heading\">Consulting<\/h2>\n\n\n\n<p class=\"has-text-align-center\">In addition to the classical understanding of providing expert advice to other professionals, we see consulting as a temporary and intense collaboration of two parties aiming at solving an important business issue. Our role and responsibility as an independent external entity is to be \"uncomfortable\" for the good of our client in order to tackle the issues that really matter.<\/p>\n\n\n\n<div class=\"ghostkit-button-wrapper ghostkit-button-wrapper-gap-md\"><div class=\"ghostkit-button-wrapper-inner\">\n<a class=\"ghostkit-button ghostkit-button-md ghostkit-custom-10U1O4\" href=\"\/en\/beratung\/\"><span class=\"ghostkit-button-text\">More<\/span><\/a>\n<\/div><\/div>\n<\/div>\n<\/div>\n\n\n\n<div style=\"height:30px\" aria-hidden=\"true\" class=\"wp-block-spacer\"><\/div>\n\n\n\n<hr class=\"wp-block-separator\"\/>\n\n\n\n<div style=\"height:30px\" aria-hidden=\"true\" class=\"wp-block-spacer\"><\/div>\n\n\n\n<div class=\"wp-block-columns is-layout-flex wp-container-core-columns-is-layout-9d6595d7 wp-block-columns-is-layout-flex\">\n<div class=\"wp-block-column is-layout-flow wp-block-column-is-layout-flow\">\n<h3 class=\"has-text-align-center wp-block-heading\">Methodik<\/h3>\n\n\n\n<div class=\"separator short\"><div class=\"separator_line\"><\/div><\/div>\n\n\n\n<p>Um in diesem System wirksam zu sein, setzen wir jeweils situativ die passende Methodik - <a href=\"\/en\/beratung\/\">Consulting<\/a>, <a href=\"\/en\/training\/\">Training<\/a> oder <a href=\"\/en\/coaching\/\">Coaching<\/a> - ein.<\/p>\n\n\n\n<p>Unter diesen Links beschreiben wir, was \nsich hinter den Beratungsgebieten im Einzelnen verbirgt und wie wir bei \nBeratungs-, Trainings- oder Coaching-Projekten vorgehen. Gern erl\u00e4utern \nwir Ihnen in einem pers\u00f6nlichen Gespr\u00e4ch weitere Einzelheiten und welche\n Vorgehensweise wir in Ihrem konkreten Fall vorschlagen.<\/p>\n\n\n\n<p>Der folgende Abschnitt zeigt, was uns in\n der Arbeit mit unseren Klienten besonders wichtig ist und welche \nGrunds\u00e4tze wir dabei beachten.<\/p>\n<\/div>\n\n\n\n<div class=\"wp-block-column is-layout-flow wp-block-column-is-layout-flow\">\n<div class=\"wp-block-image ghostkit-custom-Z1kXzF8\"><figure class=\"aligncenter size-large\"><img loading=\"lazy\" decoding=\"async\" width=\"300\" height=\"200\" src=\"https:\/\/dr-schaefer-partner.de\/wp-content\/uploads\/2019\/12\/52147329_Subscription_XXL-5-300x200-1.jpg\" alt=\"\" class=\"wp-image-4734\"\/><\/figure><\/div>\n<\/div>\n<\/div>\n\n\n\n<div style=\"height:30px\" aria-hidden=\"true\" class=\"wp-block-spacer\"><\/div>\n\n\n\n<div class=\"wp-block-columns is-layout-flex wp-container-core-columns-is-layout-9d6595d7 wp-block-columns-is-layout-flex\">\n<div class=\"wp-block-column is-layout-flow wp-block-column-is-layout-flow\">\n<h3 class=\"has-text-align-center wp-block-heading\">Our Clients<\/h3>\n\n\n\n<div class=\"separator short\"><div class=\"separator_line\"><\/div><\/div>\n\n\n\n<p>We deliver our services to small and medium-sized companies (SMEs) as well as to multi-national organisations in Germany, Europe and world-wide. A large number of clients from various industries (e. g. pharmaceuticals, chemistry, medical technology,  engineering,  automotive, IT, energy, logistics, construction, retail, education, hospitals and non-profit organisations) appreciate our solid and sound experience and our high professional standards.<\/p>\n<\/div>\n\n\n\n<div class=\"wp-block-column is-layout-flow wp-block-column-is-layout-flow\">\n<div class=\"wp-block-image\"><figure class=\"aligncenter size-large\"><img loading=\"lazy\" decoding=\"async\" width=\"300\" height=\"200\" src=\"https:\/\/dr-schaefer-partner.de\/wp-content\/uploads\/2019\/12\/10695248-junge-b-roangestellte-fragt-ihr-kollege-300x200-1.jpg\" alt=\"\" class=\"wp-image-4735\"\/><\/figure><\/div>\n<\/div>\n<\/div>\n\n\n\n<div style=\"height:40px\" aria-hidden=\"true\" class=\"wp-block-spacer\"><\/div>","protected":false},"excerpt":{"rendered":"<p>Welcome to Dr. Sch\u00e4fer &amp; Partner<\/p>\n<p>Dr. Sch\u00e4fer &amp; Partner ist ein  weltweit t\u00e4tiges Trainings- und Beratungsunternehmen mit Schwerpunkt  auf den Gebieten Strategie, F\u00fchrung, Vertrieb und Kommunikation.<\/p>\n<p>Wir beraten Menschen und Organisationen  und begleiten Unter-nehmensentwicklung auf der Basis zeitgem\u00e4\u00dfer,  wissenschaftlich abgesicherter Methoden. Im Mittelpunkt unseres Handelns  steht dabei stets die Ganzheitlichkeit, also die Betrachtung des  Gesamtsystems.<\/p>\n<p>Coaching<\/p>\n<p class=\"has-text-align-center\">Coaching ist gekennzeichnet  durch Intimit\u00e4t und Vertrauen und findet nicht im \u201cluftleeren Raum\u201d  sondern stets beruflichen Kontext des Coachees statt, der ein \u2013 mehr  oder weniger \u2013<\/p>","protected":false},"author":1,"featured_media":0,"parent":0,"menu_order":0,"comment_status":"closed","ping_status":"closed","template":"page-fullwidth.php","meta":{"ghostkit_customizer_options":"","ghostkit_custom_css":"","ghostkit_custom_js_head":"","ghostkit_custom_js_foot":"","ghostkit_typography":"","footnotes":""},"class_list":["post-125","page","type-page","status-publish","hentry"],"yoast_head":"<!-- This site is optimized with the Yoast SEO plugin v26.3 - https:\/\/yoast.com\/wordpress\/plugins\/seo\/ -->\n<title>Dr. Sch\u00e4fer &amp; Partner \u2013 \u00fcber uns<\/title>\n<meta name=\"description\" content=\"Dr. Sch\u00e4fer &amp; Partner \u2013 ein weltweit t\u00e4tiges Trainings- und Beratungsunternehmen f\u00fcr Strategie \u2713 F\u00fchrung \u2713 Vertrieb \u2713 Kommunikation \u2794 mehr \u00fcber uns erfahren\" \/>\n<meta name=\"robots\" content=\"index, follow, max-snippet:-1, max-image-preview:large, max-video-preview:-1\" \/>\n<link rel=\"canonical\" href=\"https:\/\/dr-schaefer-partner.de\/en\/ueber-uns\/\" \/>\n<meta property=\"og:locale\" content=\"en_GB\" \/>\n<meta property=\"og:type\" content=\"article\" \/>\n<meta property=\"og:title\" content=\"Dr. Sch\u00e4fer &amp; Partner \u2013 \u00fcber uns\" \/>\n<meta property=\"og:description\" content=\"Dr. Sch\u00e4fer &amp; Partner \u2013 ein weltweit t\u00e4tiges Trainings- und Beratungsunternehmen f\u00fcr Strategie \u2713 F\u00fchrung \u2713 Vertrieb \u2713 Kommunikation \u2794 mehr \u00fcber uns erfahren\" \/>\n<meta property=\"og:url\" content=\"https:\/\/dr-schaefer-partner.de\/en\/ueber-uns\/\" \/>\n<meta property=\"og:site_name\" content=\"dr-schaefer-partner\" \/>\n<meta property=\"article:publisher\" content=\"https:\/\/www.xing.com\/profile\/Chris_Schaefer\/cv\" \/>\n<meta property=\"article:modified_time\" content=\"2022-08-09T06:03:39+00:00\" \/>\n<meta property=\"og:image\" content=\"https:\/\/dr-schaefer-partner.de\/wp-content\/uploads\/2019\/12\/Dreieck_Orga_Mensch_Prozess-300x208-1.jpg\" \/>\n<meta name=\"twitter:card\" content=\"summary_large_image\" \/>\n<meta name=\"twitter:label1\" content=\"Estimated reading time\" \/>\n\t<meta name=\"twitter:data1\" content=\"3 minutes\" \/>\n<script type=\"application\/ld+json\" class=\"yoast-schema-graph\">{\"@context\":\"https:\/\/schema.org\",\"@graph\":[{\"@type\":\"WebPage\",\"@id\":\"https:\/\/dr-schaefer-partner.de\/ueber-uns\/\",\"url\":\"https:\/\/dr-schaefer-partner.de\/ueber-uns\/\",\"name\":\"Dr. Sch\u00e4fer & Partner \u2013 \u00fcber uns\",\"isPartOf\":{\"@id\":\"https:\/\/dr-schaefer-partner.de\/#website\"},\"primaryImageOfPage\":{\"@id\":\"https:\/\/dr-schaefer-partner.de\/ueber-uns\/#primaryimage\"},\"image\":{\"@id\":\"https:\/\/dr-schaefer-partner.de\/ueber-uns\/#primaryimage\"},\"thumbnailUrl\":\"https:\/\/dr-schaefer-partner.de\/wp-content\/uploads\/2019\/12\/Dreieck_Orga_Mensch_Prozess-300x208-1.jpg\",\"datePublished\":\"2019-12-06T12:36:31+00:00\",\"dateModified\":\"2022-08-09T06:03:39+00:00\",\"description\":\"Dr. Sch\u00e4fer & Partner \u2013 ein weltweit t\u00e4tiges Trainings- und Beratungsunternehmen f\u00fcr Strategie \u2713 F\u00fchrung \u2713 Vertrieb \u2713 Kommunikation \u2794 mehr \u00fcber uns erfahren\",\"breadcrumb\":{\"@id\":\"https:\/\/dr-schaefer-partner.de\/ueber-uns\/#breadcrumb\"},\"inLanguage\":\"en-GB\",\"potentialAction\":[{\"@type\":\"ReadAction\",\"target\":[\"https:\/\/dr-schaefer-partner.de\/ueber-uns\/\"]}]},{\"@type\":\"ImageObject\",\"inLanguage\":\"en-GB\",\"@id\":\"https:\/\/dr-schaefer-partner.de\/ueber-uns\/#primaryimage\",\"url\":\"https:\/\/dr-schaefer-partner.de\/wp-content\/uploads\/2019\/12\/Dreieck_Orga_Mensch_Prozess-300x208-1.jpg\",\"contentUrl\":\"https:\/\/dr-schaefer-partner.de\/wp-content\/uploads\/2019\/12\/Dreieck_Orga_Mensch_Prozess-300x208-1.jpg\"},{\"@type\":\"BreadcrumbList\",\"@id\":\"https:\/\/dr-schaefer-partner.de\/ueber-uns\/#breadcrumb\",\"itemListElement\":[{\"@type\":\"ListItem\",\"position\":1,\"name\":\"Startseite\",\"item\":\"https:\/\/dr-schaefer-partner.de\/\"},{\"@type\":\"ListItem\",\"position\":2,\"name\":\"\u00dcber uns\"}]},{\"@type\":\"WebSite\",\"@id\":\"https:\/\/dr-schaefer-partner.de\/#website\",\"url\":\"https:\/\/dr-schaefer-partner.de\/\",\"name\":\"Verkaufstraining Kaltakquise Preisverhandlung\",\"description\":\"Verkaufstraining Preisverhandlung Kaltakquise F\u00fchrung Insights Discovery\",\"publisher\":{\"@id\":\"https:\/\/dr-schaefer-partner.de\/#organization\"},\"potentialAction\":[{\"@type\":\"SearchAction\",\"target\":{\"@type\":\"EntryPoint\",\"urlTemplate\":\"https:\/\/dr-schaefer-partner.de\/?s={search_term_string}\"},\"query-input\":{\"@type\":\"PropertyValueSpecification\",\"valueRequired\":true,\"valueName\":\"search_term_string\"}}],\"inLanguage\":\"en-GB\"},{\"@type\":\"Organization\",\"@id\":\"https:\/\/dr-schaefer-partner.de\/#organization\",\"name\":\"Dr. Sch\u00e4fer & Partner\",\"url\":\"https:\/\/dr-schaefer-partner.de\/\",\"logo\":{\"@type\":\"ImageObject\",\"inLanguage\":\"en-GB\",\"@id\":\"https:\/\/dr-schaefer-partner.de\/#\/schema\/logo\/image\/\",\"url\":\"https:\/\/dr-schaefer-partner.de\/wp-content\/uploads\/2019\/12\/logo-758px.jpg\",\"contentUrl\":\"https:\/\/dr-schaefer-partner.de\/wp-content\/uploads\/2019\/12\/logo-758px.jpg\",\"width\":758,\"height\":104,\"caption\":\"Dr. Sch\u00e4fer & Partner\"},\"image\":{\"@id\":\"https:\/\/dr-schaefer-partner.de\/#\/schema\/logo\/image\/\"},\"sameAs\":[\"https:\/\/www.xing.com\/profile\/Chris_Schaefer\/cv\",\"https:\/\/www.linkedin.com\/in\/dr-chris-schaefer\/\"]}]}<\/script>\n<!-- \/ Yoast SEO plugin. -->","yoast_head_json":{"title":"Dr. Sch\u00e4fer & Partner \u2013 \u00fcber uns","description":"Dr. Sch\u00e4fer & Partner \u2013 ein weltweit t\u00e4tiges Trainings- und Beratungsunternehmen f\u00fcr Strategie \u2713 F\u00fchrung \u2713 Vertrieb \u2713 Kommunikation \u2794 mehr \u00fcber uns erfahren","robots":{"index":"index","follow":"follow","max-snippet":"max-snippet:-1","max-image-preview":"max-image-preview:large","max-video-preview":"max-video-preview:-1"},"canonical":"https:\/\/dr-schaefer-partner.de\/en\/ueber-uns\/","og_locale":"en_GB","og_type":"article","og_title":"Dr. Sch\u00e4fer & Partner \u2013 \u00fcber uns","og_description":"Dr. Sch\u00e4fer & Partner \u2013 ein weltweit t\u00e4tiges Trainings- und Beratungsunternehmen f\u00fcr Strategie \u2713 F\u00fchrung \u2713 Vertrieb \u2713 Kommunikation \u2794 mehr \u00fcber uns erfahren","og_url":"https:\/\/dr-schaefer-partner.de\/en\/ueber-uns\/","og_site_name":"dr-schaefer-partner","article_publisher":"https:\/\/www.xing.com\/profile\/Chris_Schaefer\/cv","article_modified_time":"2022-08-09T06:03:39+00:00","og_image":[{"url":"https:\/\/dr-schaefer-partner.de\/wp-content\/uploads\/2019\/12\/Dreieck_Orga_Mensch_Prozess-300x208-1.jpg","type":"","width":"","height":""}],"twitter_card":"summary_large_image","twitter_misc":{"Estimated reading time":"3 minutes"},"schema":{"@context":"https:\/\/schema.org","@graph":[{"@type":"WebPage","@id":"https:\/\/dr-schaefer-partner.de\/ueber-uns\/","url":"https:\/\/dr-schaefer-partner.de\/ueber-uns\/","name":"Dr. Sch\u00e4fer & Partner \u2013 \u00fcber uns","isPartOf":{"@id":"https:\/\/dr-schaefer-partner.de\/#website"},"primaryImageOfPage":{"@id":"https:\/\/dr-schaefer-partner.de\/ueber-uns\/#primaryimage"},"image":{"@id":"https:\/\/dr-schaefer-partner.de\/ueber-uns\/#primaryimage"},"thumbnailUrl":"https:\/\/dr-schaefer-partner.de\/wp-content\/uploads\/2019\/12\/Dreieck_Orga_Mensch_Prozess-300x208-1.jpg","datePublished":"2019-12-06T12:36:31+00:00","dateModified":"2022-08-09T06:03:39+00:00","description":"Dr. Sch\u00e4fer & Partner \u2013 ein weltweit t\u00e4tiges Trainings- und Beratungsunternehmen f\u00fcr Strategie \u2713 F\u00fchrung \u2713 Vertrieb \u2713 Kommunikation \u2794 mehr \u00fcber uns erfahren","breadcrumb":{"@id":"https:\/\/dr-schaefer-partner.de\/ueber-uns\/#breadcrumb"},"inLanguage":"en-GB","potentialAction":[{"@type":"ReadAction","target":["https:\/\/dr-schaefer-partner.de\/ueber-uns\/"]}]},{"@type":"ImageObject","inLanguage":"en-GB","@id":"https:\/\/dr-schaefer-partner.de\/ueber-uns\/#primaryimage","url":"https:\/\/dr-schaefer-partner.de\/wp-content\/uploads\/2019\/12\/Dreieck_Orga_Mensch_Prozess-300x208-1.jpg","contentUrl":"https:\/\/dr-schaefer-partner.de\/wp-content\/uploads\/2019\/12\/Dreieck_Orga_Mensch_Prozess-300x208-1.jpg"},{"@type":"BreadcrumbList","@id":"https:\/\/dr-schaefer-partner.de\/ueber-uns\/#breadcrumb","itemListElement":[{"@type":"ListItem","position":1,"name":"Startseite","item":"https:\/\/dr-schaefer-partner.de\/"},{"@type":"ListItem","position":2,"name":"\u00dcber uns"}]},{"@type":"WebSite","@id":"https:\/\/dr-schaefer-partner.de\/#website","url":"https:\/\/dr-schaefer-partner.de\/","name":"Verkaufstraining Kaltakquise Preisverhandlung","description":"Verkaufstraining Preisverhandlung Kaltakquise F\u00fchrung Insights Discovery","publisher":{"@id":"https:\/\/dr-schaefer-partner.de\/#organization"},"potentialAction":[{"@type":"SearchAction","target":{"@type":"EntryPoint","urlTemplate":"https:\/\/dr-schaefer-partner.de\/?s={search_term_string}"},"query-input":{"@type":"PropertyValueSpecification","valueRequired":true,"valueName":"search_term_string"}}],"inLanguage":"en-GB"},{"@type":"Organization","@id":"https:\/\/dr-schaefer-partner.de\/#organization","name":"Dr. Sch\u00e4fer & Partner","url":"https:\/\/dr-schaefer-partner.de\/","logo":{"@type":"ImageObject","inLanguage":"en-GB","@id":"https:\/\/dr-schaefer-partner.de\/#\/schema\/logo\/image\/","url":"https:\/\/dr-schaefer-partner.de\/wp-content\/uploads\/2019\/12\/logo-758px.jpg","contentUrl":"https:\/\/dr-schaefer-partner.de\/wp-content\/uploads\/2019\/12\/logo-758px.jpg","width":758,"height":104,"caption":"Dr. Sch\u00e4fer & Partner"},"image":{"@id":"https:\/\/dr-schaefer-partner.de\/#\/schema\/logo\/image\/"},"sameAs":["https:\/\/www.xing.com\/profile\/Chris_Schaefer\/cv","https:\/\/www.linkedin.com\/in\/dr-chris-schaefer\/"]}]}},"_links":{"self":[{"href":"https:\/\/dr-schaefer-partner.de\/en\/wp-json\/wp\/v2\/pages\/125","targetHints":{"allow":["GET"]}}],"collection":[{"href":"https:\/\/dr-schaefer-partner.de\/en\/wp-json\/wp\/v2\/pages"}],"about":[{"href":"https:\/\/dr-schaefer-partner.de\/en\/wp-json\/wp\/v2\/types\/page"}],"author":[{"embeddable":true,"href":"https:\/\/dr-schaefer-partner.de\/en\/wp-json\/wp\/v2\/users\/1"}],"replies":[{"embeddable":true,"href":"https:\/\/dr-schaefer-partner.de\/en\/wp-json\/wp\/v2\/comments?post=125"}],"version-history":[{"count":0,"href":"https:\/\/dr-schaefer-partner.de\/en\/wp-json\/wp\/v2\/pages\/125\/revisions"}],"wp:attachment":[{"href":"https:\/\/dr-schaefer-partner.de\/en\/wp-json\/wp\/v2\/media?parent=125"}],"curies":[{"name":"wp","href":"https:\/\/api.w.org\/{rel}","templated":true}]}}